{"id":2163,"date":"2022-05-11T09:30:05","date_gmt":"2022-05-11T08:30:05","guid":{"rendered":"https:\/\/sylviastudio.co.uk\/?post_type=product&#038;p=2163"},"modified":"2022-05-11T09:30:06","modified_gmt":"2022-05-11T08:30:06","slug":"krem-intensywnie-regenerujacy","status":"publish","type":"product","link":"http:\/\/sylviastudio.co.uk\/en\/product\/intensive-regenerative-cream\/","title":{"rendered":"INTENSIVE REGENERATING CREAM"},"content":{"rendered":"<p><strong>INTENSIVE REGENERATING CREAM<\/strong><\/p>\n<p><strong>DESCRIPTION<\/strong><\/p>\n<p><strong>Who is this product for?<\/strong><\/p>\n<p>An ideal cream for all skin types, but especially grey and tired skin with visible capillaries.<\/p>\n<p>An extra dose of energy and vitamins.\u00a0<strong>Kale<\/strong> will make the skin smooth and regain a healthy colour, improve elasticity and hydration.\u00a0<strong>Parsley<\/strong>\u00a0perfectly regenerates and nourishes the skin.\u00a0<strong>Borage<\/strong> is our treasure trove of GLA acid, inhibits the development of allergies, eliminates inflammation and prevents premature ageing.\u00a0<strong>Hemp oil <\/strong>will restore the complexion. <strong>Young barley<\/strong>\u00a0will provide chlorophyll, which will oxygenate the skin.<\/p>\n<p>Method of use:<\/p>\n<p>Apply daily, after cleansing and toning the skin. Perform a gentle massage until absorbed.<\/p>\n<p><strong>Active ingredients:<\/strong>\u00a0Kale butter, parsley leaf oil, young barley oil, hemp oil, borage seed oil, horsetail oil, tapioca, beeswax.<\/p>\n<p><strong>Storage:<\/strong>\u00a0Once opened, store in the refrigerator.<\/p>\n<p><strong>Capacity:<\/strong>\u00a030ml<\/p>\n<p>&nbsp;<\/p>\n<p><strong>INTENSIVE REGENERATING FACIAL CREAM<\/strong><\/p>\n<p><strong>\u00a0<\/strong><\/p>\n<p>DESCRIPTION<\/p>\n<p>Uses:<\/p>\n<p>Green Smoothie for dull and tired skin. Extra dose of energy and vitamins.<\/p>\n<p>Description:<\/p>\n<p><strong>Kale<\/strong>\u00a0will smoothen your skin restoring its healthy colour and boosting its elasticity and hydration.\u00a0<strong>Parsley<\/strong>\u00a0is brilliant at regenerating and nourishing your skin.\u00a0<strong>Borage<\/strong>\u00a0is our treasure trove of GLA. It inhibits the development of allergies, eliminates inflammation and prevents premature skin ageing.<strong>\u00a0Hemp oil<\/strong>\u00a0rebuilds your skin.\u00a0<strong>Barley grass<\/strong>\u00a0will supply your skin with chlorophyll and oxygenate it.<\/p>\n<p>Use daily after cleansing and toning. Gently massage with circular movements until absorbed.<\/p>\n<p><strong>Storage:<\/strong>\u00a0refrigerate after opening.<\/p>\n<p><strong>Edible Ingredients:<\/strong>\u00a0Kale butter*, Parsley infused oil **, Barley grass infused oil**, Nettle infused oil**, Borage oil cold pressed, Hemp seed oil cold pressed, Horsetail infused oil**, Plantain infused oil**.<\/p>\n<p>*Infused in Shea butter.<br \/>\n**infused in cold pressed flaxseed oil<\/p>\n<p><strong>Capacity:<\/strong>\u00a030ml<\/p>","protected":false},"excerpt":{"rendered":"<p>An ideal cream for all skin types, but especially grey and tired skin with visible capillaries.<\/p>","protected":false},"featured_media":2164,"comment_status":"open","ping_status":"closed","template":"","meta":{"_uag_custom_page_level_css":"","_joinchat":[]},"product_brand":[],"product_cat":[26],"product_tag":[],"class_list":{"0":"post-2163","1":"product","2":"type-product","3":"status-publish","4":"has-post-thumbnail","6":"product_cat-twarz-face","8":"first","9":"instock","10":"shipping-taxable","11":"purchasable","12":"product-type-simple"},"uagb_featured_image_src":{"full":["https:\/\/sylviastudio.co.uk\/wp-content\/uploads\/2022\/05\/KREM-INTENSYWNIE-REGENERUJACY.jpg",1124,1124,false],"thumbnail":["https:\/\/sylviastudio.co.uk\/wp-content\/uploads\/2022\/05\/KREM-INTENSYWNIE-REGENERUJACY-150x150.jpg",150,150,true],"medium":["https:\/\/sylviastudio.co.uk\/wp-content\/uploads\/2022\/05\/KREM-INTENSYWNIE-REGENERUJACY-300x300.jpg",300,300,true],"medium_large":["https:\/\/sylviastudio.co.uk\/wp-content\/uploads\/2022\/05\/KREM-INTENSYWNIE-REGENERUJACY-768x768.jpg",768,768,true],"large":["https:\/\/sylviastudio.co.uk\/wp-content\/uploads\/2022\/05\/KREM-INTENSYWNIE-REGENERUJACY-1024x1024.jpg",1024,1024,true],"1536x1536":["https:\/\/sylviastudio.co.uk\/wp-content\/uploads\/2022\/05\/KREM-INTENSYWNIE-REGENERUJACY.jpg",1124,1124,false],"2048x2048":["https:\/\/sylviastudio.co.uk\/wp-content\/uploads\/2022\/05\/KREM-INTENSYWNIE-REGENERUJACY.jpg",1124,1124,false],"trp-custom-language-flag":["https:\/\/sylviastudio.co.uk\/wp-content\/uploads\/2022\/05\/KREM-INTENSYWNIE-REGENERUJACY.jpg",12,12,false],"woocommerce_thumbnail":["https:\/\/sylviastudio.co.uk\/wp-content\/uploads\/2022\/05\/KREM-INTENSYWNIE-REGENERUJACY-300x300.jpg",300,300,true],"woocommerce_single":["https:\/\/sylviastudio.co.uk\/wp-content\/uploads\/2022\/05\/KREM-INTENSYWNIE-REGENERUJACY-600x600.jpg",600,600,true],"woocommerce_gallery_thumbnail":["https:\/\/sylviastudio.co.uk\/wp-content\/uploads\/2022\/05\/KREM-INTENSYWNIE-REGENERUJACY-100x100.jpg",100,100,true]},"uagb_author_info":{"display_name":"sylvia_studio","author_link":"http:\/\/sylviastudio.co.uk\/en\/author\/"},"uagb_comment_info":0,"uagb_excerpt":"Idealny krem dla ka\u017cdego rodzaju cery, ale w szczeg\u00f3lno\u015bci szarej i zm\u0119czonej z widocznymi naczynkami.","_links":{"self":[{"href":"http:\/\/sylviastudio.co.uk\/en\/wp-json\/wp\/v2\/product\/2163","targetHints":{"allow":["GET"]}}],"collection":[{"href":"http:\/\/sylviastudio.co.uk\/en\/wp-json\/wp\/v2\/product"}],"about":[{"href":"http:\/\/sylviastudio.co.uk\/en\/wp-json\/wp\/v2\/types\/product"}],"replies":[{"embeddable":true,"href":"http:\/\/sylviastudio.co.uk\/en\/wp-json\/wp\/v2\/comments?post=2163"}],"wp:featuredmedia":[{"embeddable":true,"href":"http:\/\/sylviastudio.co.uk\/en\/wp-json\/wp\/v2\/media\/2164"}],"wp:attachment":[{"href":"http:\/\/sylviastudio.co.uk\/en\/wp-json\/wp\/v2\/media?parent=2163"}],"wp:term":[{"taxonomy":"product_brand","embeddable":true,"href":"http:\/\/sylviastudio.co.uk\/en\/wp-json\/wp\/v2\/product_brand?post=2163"},{"taxonomy":"product_cat","embeddable":true,"href":"http:\/\/sylviastudio.co.uk\/en\/wp-json\/wp\/v2\/product_cat?post=2163"},{"taxonomy":"product_tag","embeddable":true,"href":"http:\/\/sylviastudio.co.uk\/en\/wp-json\/wp\/v2\/product_tag?post=2163"}],"curies":[{"name":"wp","href":"https:\/\/api.w.org\/{rel}","templated":true}]}}