{"id":2166,"date":"2022-05-11T11:44:33","date_gmt":"2022-05-11T10:44:33","guid":{"rendered":"https:\/\/sylviastudio.co.uk\/?post_type=product&#038;p=2166"},"modified":"2022-05-11T11:44:47","modified_gmt":"2022-05-11T10:44:47","slug":"2166","status":"publish","type":"product","link":"http:\/\/sylviastudio.co.uk\/en\/product\/2166\/","title":{"rendered":"INTENSIVE LIFTING CREAM"},"content":{"rendered":"<p><strong>INTENSIVE LIFTING CREAM<\/strong><\/p>\n<p><strong>DESCRIPTION<\/strong><\/p>\n<p><strong>Who is this product for?<\/strong><\/p>\n<p>An ideal cream for all skin types, but especially those with visible wrinkles and in need of rejuvenation.<\/p>\n<p><strong>Herbal Botox<\/strong>\u00a0(Acmella oleracea) this wonderful plant contains spilanthol, which, when applied externally, reduces muscle tension, helping to reduce facial wrinkles,\u00a0<strong>spilantol<\/strong>\u00a0will put our skin in a \u201erelaxed\u201d state.\u00a0<strong>Raspberry<\/strong>\u00a0provides the skin with two very powerful antioxidants vitamins A and E.\u00a0<strong>Strawberry<\/strong> is a valuable source of iron, calcium, potassium, as well as a source of magnesium and manganese. <strong>Evening primrose<\/strong>\u00a0greatly increases the elasticity of the skin.<\/p>\n<p>Method of use:<\/p>\n<p>Apply daily, after cleansing and toning the skin. Perform a gentle massage until absorbed.<\/p>\n<p><strong>Active ingredients:<\/strong>\u00a0Acmella oleracea butter *, evening primrose oil, raspberry oil, strawberry oil, poppy seed oil, beeswax, tapioca<\/p>\n<p><strong>Storage:<\/strong>\u00a0Once opened, store in the refrigerator<\/p>\n<p><strong>Capacity:<\/strong>\u00a030ml<\/p>\n<p>&nbsp;<\/p>\n<p><strong>CALMING INTENSIVE FACIAL CREAM<\/strong><strong>\u00a0<\/strong><\/p>\n<p>DESCRIPTION<\/p>\n<p>Uses:<\/p>\n<p>Ideal cream for breakout and acne-prone skin. Soothe your skin for a beautiful look.<\/p>\n<p>Our gorgeous nettle makes sure that the skin of your face is clean and nourished. It has anti-inflammatory and regenerating properties. In tandem with yarrow they seem like a match made in heaven in restoring healthy and beautiful look of an acne-prone skin. It is anti-inflammatory but most importantly it brightens your skin making your acne scars less visible. Organic sulphur will make your skin smooth, elastic and well hydrated leaving the epidermis with an improved look.<\/p>\n<p>Directions for use:<\/p>\n<p>Use daily after cleansing and toning. Gently massage with circular movements until absorbed.<\/p>\n<p><strong>Storage:<\/strong>\u00a0refrigerate after opening.<\/p>\n<p><strong>EDIBLE INGREDIENTS:<\/strong>\u00a0Nettle butter, Hemp seed oil cold pressed, Nettle infused oil, Yarrow infused oil, Calendula infused oil, Tapioca, BEESWAX, MSM organic sulphur, Methylsulfonylmethane.<\/p>\n<p><strong>Capacity:<\/strong>\u00a030ml<\/p>","protected":false},"excerpt":{"rendered":"<p>An ideal cream for all skin types, but especially those with visible wrinkles and in need of rejuvenation.<\/p>","protected":false},"featured_media":2167,"comment_status":"open","ping_status":"closed","template":"","meta":{"_uag_custom_page_level_css":"","_joinchat":[]},"product_brand":[],"product_cat":[26],"product_tag":[],"class_list":{"0":"post-2166","1":"product","2":"type-product","3":"status-publish","4":"has-post-thumbnail","6":"product_cat-twarz-face","8":"first","9":"instock","10":"shipping-taxable","11":"purchasable","12":"product-type-simple"},"uagb_featured_image_src":{"full":["https:\/\/sylviastudio.co.uk\/wp-content\/uploads\/2022\/05\/KREM-INTENSYWNIE-LIFTINGUJACY.jpg",2048,2048,false],"thumbnail":["https:\/\/sylviastudio.co.uk\/wp-content\/uploads\/2022\/05\/KREM-INTENSYWNIE-LIFTINGUJACY-150x150.jpg",150,150,true],"medium":["https:\/\/sylviastudio.co.uk\/wp-content\/uploads\/2022\/05\/KREM-INTENSYWNIE-LIFTINGUJACY-300x300.jpg",300,300,true],"medium_large":["https:\/\/sylviastudio.co.uk\/wp-content\/uploads\/2022\/05\/KREM-INTENSYWNIE-LIFTINGUJACY-768x768.jpg",768,768,true],"large":["https:\/\/sylviastudio.co.uk\/wp-content\/uploads\/2022\/05\/KREM-INTENSYWNIE-LIFTINGUJACY-1024x1024.jpg",1024,1024,true],"1536x1536":["https:\/\/sylviastudio.co.uk\/wp-content\/uploads\/2022\/05\/KREM-INTENSYWNIE-LIFTINGUJACY-1536x1536.jpg",1536,1536,true],"2048x2048":["https:\/\/sylviastudio.co.uk\/wp-content\/uploads\/2022\/05\/KREM-INTENSYWNIE-LIFTINGUJACY.jpg",2048,2048,false],"trp-custom-language-flag":["https:\/\/sylviastudio.co.uk\/wp-content\/uploads\/2022\/05\/KREM-INTENSYWNIE-LIFTINGUJACY.jpg",12,12,false],"woocommerce_thumbnail":["https:\/\/sylviastudio.co.uk\/wp-content\/uploads\/2022\/05\/KREM-INTENSYWNIE-LIFTINGUJACY-300x300.jpg",300,300,true],"woocommerce_single":["https:\/\/sylviastudio.co.uk\/wp-content\/uploads\/2022\/05\/KREM-INTENSYWNIE-LIFTINGUJACY-600x600.jpg",600,600,true],"woocommerce_gallery_thumbnail":["https:\/\/sylviastudio.co.uk\/wp-content\/uploads\/2022\/05\/KREM-INTENSYWNIE-LIFTINGUJACY-100x100.jpg",100,100,true]},"uagb_author_info":{"display_name":"sylvia_studio","author_link":"http:\/\/sylviastudio.co.uk\/en\/author\/"},"uagb_comment_info":0,"uagb_excerpt":"Idealny krem dla ka\u017cdego rodzaju cery, ale w szczeg\u00f3lno\u015bci tej, kt\u00f3ra ma widoczne zmarszczki i potrzebuje odm\u0142odzenia.","_links":{"self":[{"href":"http:\/\/sylviastudio.co.uk\/en\/wp-json\/wp\/v2\/product\/2166","targetHints":{"allow":["GET"]}}],"collection":[{"href":"http:\/\/sylviastudio.co.uk\/en\/wp-json\/wp\/v2\/product"}],"about":[{"href":"http:\/\/sylviastudio.co.uk\/en\/wp-json\/wp\/v2\/types\/product"}],"replies":[{"embeddable":true,"href":"http:\/\/sylviastudio.co.uk\/en\/wp-json\/wp\/v2\/comments?post=2166"}],"wp:featuredmedia":[{"embeddable":true,"href":"http:\/\/sylviastudio.co.uk\/en\/wp-json\/wp\/v2\/media\/2167"}],"wp:attachment":[{"href":"http:\/\/sylviastudio.co.uk\/en\/wp-json\/wp\/v2\/media?parent=2166"}],"wp:term":[{"taxonomy":"product_brand","embeddable":true,"href":"http:\/\/sylviastudio.co.uk\/en\/wp-json\/wp\/v2\/product_brand?post=2166"},{"taxonomy":"product_cat","embeddable":true,"href":"http:\/\/sylviastudio.co.uk\/en\/wp-json\/wp\/v2\/product_cat?post=2166"},{"taxonomy":"product_tag","embeddable":true,"href":"http:\/\/sylviastudio.co.uk\/en\/wp-json\/wp\/v2\/product_tag?post=2166"}],"curies":[{"name":"wp","href":"https:\/\/api.w.org\/{rel}","templated":true}]}}