{"id":2172,"date":"2022-05-11T13:15:23","date_gmt":"2022-05-11T12:15:23","guid":{"rendered":"https:\/\/sylviastudio.co.uk\/?post_type=product&#038;p=2172"},"modified":"2025-04-12T22:49:32","modified_gmt":"2025-04-12T21:49:32","slug":"olejek-do-demakijazu-zielone-smoothie","status":"publish","type":"product","link":"http:\/\/sylviastudio.co.uk\/en\/product\/make-up-oil-green-smoothie\/","title":{"rendered":"GREEN SMOOTHIE MAKE-UP REMOVER OIL"},"content":{"rendered":"<p><strong>GREEN SMOOTHIE MAKE-UP REMOVER OIL<\/strong><\/p>\n<p><strong>DESCRIPTION<\/strong><\/p>\n<p>Who is this product for?<\/p>\n<p>For you if you are looking for an effective, quick oil that not only cleanses your skin , but moisturises and nourishes it at the same time.<\/p>\n<p><strong>Nettle oil<\/strong>\u00a0has an antibacterial effect without drying out the skin. It very strongly accelerates the healing and regeneration of the epidermis. It nourishes the skin, providing it with chlorophyll, vitamins and minerals.\u00a0<strong>Parsley oil<\/strong>\u00a0moisturises and brightens the complexion.\u00a0<strong>Kale oil<\/strong>\u00a0will provide vitamins and improve skin tone.<\/p>\n<p>Method of use:<\/p>\n<p>Add all the emulsifier you received with your order(glyceryl cocoate) to the oil, shake a few times. Done. Massage the oil into dry skin with a gentle massage, wait 20 seconds and then wash off with lukewarm water(shake before using) Cleanse morning and night.<\/p>\n<p><strong>Active ingredients:<\/strong>\u00a0Nettle leaf oil*, parsley leaf oil*,kale oil, orange oil. *macerate on fresh, cold-pressed in our sunflower oil mill.<\/p>\n<p>&nbsp;<\/p>\n<p><strong>GREEN SMOOTHIE FACE OIL<\/strong><\/p>\n<p>DESCRIPTION<\/p>\n<p>Uses:<\/p>\n<p>It is suitable for all skin types, though dull and tired skin in need of a vitamin boost will make the best use of it.<\/p>\n<p><strong>Kale<\/strong>\u00a0will intensively nourish your skin, restore its beautiful and healthy tone and improve the function of your sebaceous glands.\u00a0<strong>Parsley<\/strong>\u00a0splendidly hydrates your skin and supplies it with a high dose of vitamins.\u00a0<strong>Borage oil<\/strong>\u00a0removes inflammations and prevents premature skin aging.\u00a0<strong>Hemp oil<\/strong>\u00a0is high in nutrients. It hydrates and regenerates your skin.\u00a0<strong>Horsetail<\/strong>\u00a0rapidly improves the appearance of your skin and stalls its aging process by supporting revitalisation processes and increasing the elasticity of collagen fibres.<\/p>\n<p>Directions for use:<\/p>\n<p>Night Oil. Shake gently before use. Apply 3 - 6 drops to clean, damp skin and treat yourself to, a facial massage to help the oils absorb.<\/p>\n<p><strong>Edible ingreadients only:<\/strong>\u00a0Kale infused oil*(20%), hemp oil**(20%), barley grass oil*(20%), nettle oil*(10%), borage seed oil**(10%) parsley oil*(10%), horsetail oil*(5%), plantain oil*(5%)<\/p>\n<p>*macerated oil made with fresh cold-pressed linseed oil ** cold-pressed<\/p>\n<p><strong>Storage:<\/strong>\u00a0refrigerate after opening.<\/p>\n<p>&nbsp;<\/p>\n<p>&nbsp;<\/p>","protected":false},"excerpt":{"rendered":"<p>If you are looking for an effective, fast oil that not only cleanses your skin , but moisturises and nourishes it at the same time.<\/p>","protected":false},"featured_media":2173,"comment_status":"open","ping_status":"closed","template":"","meta":{"_uag_custom_page_level_css":"","_joinchat":[]},"product_brand":[],"product_cat":[26],"product_tag":[],"class_list":{"0":"post-2172","1":"product","2":"type-product","3":"status-publish","4":"has-post-thumbnail","6":"product_cat-twarz-face","8":"first","9":"instock","10":"shipping-taxable","11":"purchasable","12":"product-type-simple"},"uagb_featured_image_src":{"full":["https:\/\/sylviastudio.co.uk\/wp-content\/uploads\/2022\/05\/OLEJEK-DO-DEMAKIJAZU-ZIELONE-SMOOTHIE.jpg",1120,1120,false],"thumbnail":["https:\/\/sylviastudio.co.uk\/wp-content\/uploads\/2022\/05\/OLEJEK-DO-DEMAKIJAZU-ZIELONE-SMOOTHIE-150x150.jpg",150,150,true],"medium":["https:\/\/sylviastudio.co.uk\/wp-content\/uploads\/2022\/05\/OLEJEK-DO-DEMAKIJAZU-ZIELONE-SMOOTHIE-300x300.jpg",300,300,true],"medium_large":["https:\/\/sylviastudio.co.uk\/wp-content\/uploads\/2022\/05\/OLEJEK-DO-DEMAKIJAZU-ZIELONE-SMOOTHIE-768x768.jpg",768,768,true],"large":["https:\/\/sylviastudio.co.uk\/wp-content\/uploads\/2022\/05\/OLEJEK-DO-DEMAKIJAZU-ZIELONE-SMOOTHIE-1024x1024.jpg",1024,1024,true],"1536x1536":["https:\/\/sylviastudio.co.uk\/wp-content\/uploads\/2022\/05\/OLEJEK-DO-DEMAKIJAZU-ZIELONE-SMOOTHIE.jpg",1120,1120,false],"2048x2048":["https:\/\/sylviastudio.co.uk\/wp-content\/uploads\/2022\/05\/OLEJEK-DO-DEMAKIJAZU-ZIELONE-SMOOTHIE.jpg",1120,1120,false],"trp-custom-language-flag":["https:\/\/sylviastudio.co.uk\/wp-content\/uploads\/2022\/05\/OLEJEK-DO-DEMAKIJAZU-ZIELONE-SMOOTHIE.jpg",12,12,false],"woocommerce_thumbnail":["https:\/\/sylviastudio.co.uk\/wp-content\/uploads\/2022\/05\/OLEJEK-DO-DEMAKIJAZU-ZIELONE-SMOOTHIE-300x300.jpg",300,300,true],"woocommerce_single":["https:\/\/sylviastudio.co.uk\/wp-content\/uploads\/2022\/05\/OLEJEK-DO-DEMAKIJAZU-ZIELONE-SMOOTHIE-600x600.jpg",600,600,true],"woocommerce_gallery_thumbnail":["https:\/\/sylviastudio.co.uk\/wp-content\/uploads\/2022\/05\/OLEJEK-DO-DEMAKIJAZU-ZIELONE-SMOOTHIE-100x100.jpg",100,100,true]},"uagb_author_info":{"display_name":"sylvia_studio","author_link":"http:\/\/sylviastudio.co.uk\/en\/author\/"},"uagb_comment_info":1,"uagb_excerpt":"Je\u015bli szukasz skutecznego, szybkiego olejku, kt\u00f3ry nie tylko oczy\u015bci Twoj\u0105 sk\u00f3r\u0119 , ale jednocze\u015bnie j\u0105 nawil\u017cy i od\u017cywi.","_links":{"self":[{"href":"http:\/\/sylviastudio.co.uk\/en\/wp-json\/wp\/v2\/product\/2172","targetHints":{"allow":["GET"]}}],"collection":[{"href":"http:\/\/sylviastudio.co.uk\/en\/wp-json\/wp\/v2\/product"}],"about":[{"href":"http:\/\/sylviastudio.co.uk\/en\/wp-json\/wp\/v2\/types\/product"}],"replies":[{"embeddable":true,"href":"http:\/\/sylviastudio.co.uk\/en\/wp-json\/wp\/v2\/comments?post=2172"}],"wp:featuredmedia":[{"embeddable":true,"href":"http:\/\/sylviastudio.co.uk\/en\/wp-json\/wp\/v2\/media\/2173"}],"wp:attachment":[{"href":"http:\/\/sylviastudio.co.uk\/en\/wp-json\/wp\/v2\/media?parent=2172"}],"wp:term":[{"taxonomy":"product_brand","embeddable":true,"href":"http:\/\/sylviastudio.co.uk\/en\/wp-json\/wp\/v2\/product_brand?post=2172"},{"taxonomy":"product_cat","embeddable":true,"href":"http:\/\/sylviastudio.co.uk\/en\/wp-json\/wp\/v2\/product_cat?post=2172"},{"taxonomy":"product_tag","embeddable":true,"href":"http:\/\/sylviastudio.co.uk\/en\/wp-json\/wp\/v2\/product_tag?post=2172"}],"curies":[{"name":"wp","href":"https:\/\/api.w.org\/{rel}","templated":true}]}}