{"id":2190,"date":"2022-05-11T13:46:04","date_gmt":"2022-05-11T12:46:04","guid":{"rendered":"https:\/\/sylviastudio.co.uk\/?post_type=product&#038;p=2190"},"modified":"2023-09-23T06:57:43","modified_gmt":"2023-09-23T05:57:43","slug":"maslo-do-ciala-na-piekna-i-gladka-skore","status":"publish","type":"product","link":"http:\/\/sylviastudio.co.uk\/en\/product\/skin-butter-for-beautiful-skin-look\/","title":{"rendered":"BODY BUTTER FOR BEAUTIFUL AND SMOOTH SKIN"},"content":{"rendered":"<p><strong>BODY BUTTER FOR BEAUTIFUL AND SMOOTH SKIN<\/strong><\/p>\n<p><strong>DESCRIPTION<\/strong><\/p>\n<p>Who is this product for?<\/p>\n<p>Multi-tasking butter. Recommended for dry skin with visible dilated capillaries and stretch marks.<\/p>\n<p>A real miracle for the legs with selected ingredients to perfectly care for their appearance.<\/p>\n<p><strong>Blanket<\/strong><br \/>\n- Has a beneficial effect on capillaries<br \/>\n- It has a shrinking effect and reduces swelling, and promotes the rapid disappearance of bruises, bruises and redness of the skin.<br \/>\n- Accelerates the absorption and levelling of petechiae and haematomas following trauma, medical and cosmetic procedures.<\/p>\n<p><strong>Carrot butter<\/strong><br \/>\nCarrot butter is made from our organic carrots, it moisturises the body wonderfully and adds a nice colour.<br \/>\n- promotes tanning while protecting against UV radiation. Helps to achieve a healthy, nice tan.<br \/>\n- inhibits the ageing process, reduces wrinkles.<\/p>\n<p><strong>Marigold<\/strong><br \/>\n- Calendula reduces existing stretch marks, reduces scars (after surgery, caesarean section, etc.), makes the skin more elastic and is full of antioxidants.<\/p>\n<p>Method of use:<\/p>\n<p>Massage into dry skin, be straight after bathing. Use daily for beautifully smooth skin.<\/p>\n<p><strong>Active ingredients:<\/strong>\u00a0Carrot butter, calendula butter, blanket butter, tapioca.<\/p>\n<p><strong>Storage:<\/strong>\u00a0Once opened, store in the refrigerator<\/p>\n<p><strong>Capacity:<\/strong>\u00a0160g<\/p>\n<p>&nbsp;<\/p>\n<p><strong>BODY BUTTER BEAUTIFUL &amp; HEALTHY SKIN<\/strong><\/p>\n<p>DESCRIPTION<\/p>\n<p><strong>Uses:<\/strong><\/p>\n<p>Multipurpose body butter. Recommended for dry skin with visible dilated blood vessels and stretch marks.<\/p>\n<p><strong>Description:<\/strong><\/p>\n<p>A real miracle for legs with ingredients selected to perfectly care for their appearance.<\/p>\n<p><strong>Everlasting flower butter<\/strong><br \/>\n- possess a beneficial effect on blood vessels<br \/>\n- possess relaxant properties, reduces swelling, favours rapid bruises and redness disappearance.<br \/>\n- accelerates the absorption and levelling or haematomas resulting from injuries, medical and cosmetic procedures<\/p>\n<p><strong>Carrot butter<\/strong><br \/>\n- aids tanning while protecting from UV radiation. Helps to achieve healthy, glowing tan while supporting and speeding the tanning process.<br \/>\n- Inhibits ageing process, reduces wrinkles. Possesses anti-inflammatory properties, stimulates new cell growth. Supports skins immune system<\/p>\n<p><strong>Calendula Butter<\/strong><br \/>\n- Stimulates collagen production, ideal for sensitive skin prone to allergies.<br \/>\n- accelerates granulation and scarring processes of skin damage.<\/p>\n<p><strong>Directions for use:<\/strong><\/p>\n<p>Massage into dry skin or after bathing. Use daily for soft, smooth and silky skin.<\/p>\n<p><strong>Storage:<\/strong>\u00a0refrigerate after opening.<\/p>\n<p><strong>Only edible ingredients:<\/strong>\u00a0Carrot butter, Calendula butter, Everlasting flower butter, Tapioca.<\/p>\n<p><strong>Capacity:<\/strong>\u00a0160g<\/p>\n<p>&nbsp;<\/p>","protected":false},"excerpt":{"rendered":"<p>MAS\u0141O DO CIA\u0141A NA PI\u0118KN\u0104 I G\u0141ADK\u0104 SK\u00d3R\u0118 OPIS Dla kogo ten produkt? Mas\u0142o wielozadaniowe. Polecam dla suchej sk\u00f3ry z widocznymi rozszerzonymi naczynkami i rozst\u0119pami. Prawdziwy cud dla n\u00f3g z dobranymi sk\u0142adnikami, aby idealnie dba\u0107 o ich wygl\u0105d. Kocanka \u2022 Posiada korzystny wp\u0142yw na naczynka \u2022 Dzia\u0142a obkurczaj\u0105co oraz zmniejsza opuchni\u0119cia, sprzyja szybkiemu zanikowi siniak\u00f3w, &hellip;<\/p>\n<p class=\"read-more\"> <a class=\"\" href=\"http:\/\/sylviastudio.co.uk\/en\/product\/skin-butter-for-beautiful-skin-look\/\"> <span class=\"screen-reader-text\">BODY BUTTER FOR BEAUTIFUL AND SMOOTH SKIN<\/span> Read More \u00bb<\/a><\/p>","protected":false},"featured_media":2191,"comment_status":"open","ping_status":"closed","template":"","meta":{"_uag_custom_page_level_css":"","_joinchat":[]},"product_brand":[],"product_cat":[27],"product_tag":[],"class_list":{"0":"post-2190","1":"product","2":"type-product","3":"status-publish","4":"has-post-thumbnail","6":"product_cat-cialo-body","8":"first","9":"instock","10":"shipping-taxable","11":"purchasable","12":"product-type-simple"},"uagb_featured_image_src":{"full":["https:\/\/sylviastudio.co.uk\/wp-content\/uploads\/2022\/05\/MASLO-DO-CIALA-NA-PIEKNA-I-GLADKA-SKORE.jpg",2048,2048,false],"thumbnail":["https:\/\/sylviastudio.co.uk\/wp-content\/uploads\/2022\/05\/MASLO-DO-CIALA-NA-PIEKNA-I-GLADKA-SKORE-150x150.jpg",150,150,true],"medium":["https:\/\/sylviastudio.co.uk\/wp-content\/uploads\/2022\/05\/MASLO-DO-CIALA-NA-PIEKNA-I-GLADKA-SKORE-300x300.jpg",300,300,true],"medium_large":["https:\/\/sylviastudio.co.uk\/wp-content\/uploads\/2022\/05\/MASLO-DO-CIALA-NA-PIEKNA-I-GLADKA-SKORE-768x768.jpg",768,768,true],"large":["https:\/\/sylviastudio.co.uk\/wp-content\/uploads\/2022\/05\/MASLO-DO-CIALA-NA-PIEKNA-I-GLADKA-SKORE-1024x1024.jpg",1024,1024,true],"1536x1536":["https:\/\/sylviastudio.co.uk\/wp-content\/uploads\/2022\/05\/MASLO-DO-CIALA-NA-PIEKNA-I-GLADKA-SKORE-1536x1536.jpg",1536,1536,true],"2048x2048":["https:\/\/sylviastudio.co.uk\/wp-content\/uploads\/2022\/05\/MASLO-DO-CIALA-NA-PIEKNA-I-GLADKA-SKORE.jpg",2048,2048,false],"trp-custom-language-flag":["https:\/\/sylviastudio.co.uk\/wp-content\/uploads\/2022\/05\/MASLO-DO-CIALA-NA-PIEKNA-I-GLADKA-SKORE.jpg",12,12,false],"woocommerce_thumbnail":["https:\/\/sylviastudio.co.uk\/wp-content\/uploads\/2022\/05\/MASLO-DO-CIALA-NA-PIEKNA-I-GLADKA-SKORE-300x300.jpg",300,300,true],"woocommerce_single":["https:\/\/sylviastudio.co.uk\/wp-content\/uploads\/2022\/05\/MASLO-DO-CIALA-NA-PIEKNA-I-GLADKA-SKORE-600x600.jpg",600,600,true],"woocommerce_gallery_thumbnail":["https:\/\/sylviastudio.co.uk\/wp-content\/uploads\/2022\/05\/MASLO-DO-CIALA-NA-PIEKNA-I-GLADKA-SKORE-100x100.jpg",100,100,true]},"uagb_author_info":{"display_name":"sylvia_studio","author_link":"http:\/\/sylviastudio.co.uk\/en\/author\/"},"uagb_comment_info":1,"uagb_excerpt":"MAS\u0141O DO CIA\u0141A NA PI\u0118KN\u0104 I G\u0141ADK\u0104 SK\u00d3R\u0118 OPIS Dla kogo ten produkt? Mas\u0142o wielozadaniowe. Polecam dla suchej sk\u00f3ry z widocznymi rozszerzonymi naczynkami i rozst\u0119pami. Prawdziwy cud dla n\u00f3g z dobranymi sk\u0142adnikami, aby idealnie dba\u0107 o ich wygl\u0105d. Kocanka \u2022 Posiada korzystny wp\u0142yw na naczynka \u2022 Dzia\u0142a obkurczaj\u0105co oraz zmniejsza opuchni\u0119cia, sprzyja szybkiemu zanikowi siniak\u00f3w,&hellip;","_links":{"self":[{"href":"http:\/\/sylviastudio.co.uk\/en\/wp-json\/wp\/v2\/product\/2190","targetHints":{"allow":["GET"]}}],"collection":[{"href":"http:\/\/sylviastudio.co.uk\/en\/wp-json\/wp\/v2\/product"}],"about":[{"href":"http:\/\/sylviastudio.co.uk\/en\/wp-json\/wp\/v2\/types\/product"}],"replies":[{"embeddable":true,"href":"http:\/\/sylviastudio.co.uk\/en\/wp-json\/wp\/v2\/comments?post=2190"}],"wp:featuredmedia":[{"embeddable":true,"href":"http:\/\/sylviastudio.co.uk\/en\/wp-json\/wp\/v2\/media\/2191"}],"wp:attachment":[{"href":"http:\/\/sylviastudio.co.uk\/en\/wp-json\/wp\/v2\/media?parent=2190"}],"wp:term":[{"taxonomy":"product_brand","embeddable":true,"href":"http:\/\/sylviastudio.co.uk\/en\/wp-json\/wp\/v2\/product_brand?post=2190"},{"taxonomy":"product_cat","embeddable":true,"href":"http:\/\/sylviastudio.co.uk\/en\/wp-json\/wp\/v2\/product_cat?post=2190"},{"taxonomy":"product_tag","embeddable":true,"href":"http:\/\/sylviastudio.co.uk\/en\/wp-json\/wp\/v2\/product_tag?post=2190"}],"curies":[{"name":"wp","href":"https:\/\/api.w.org\/{rel}","templated":true}]}}