{"id":1816,"date":"2020-10-03T22:08:08","date_gmt":"2020-10-03T21:08:08","guid":{"rendered":"http:\/\/sylviastudio.co.uk\/?page_id=1816"},"modified":"2022-09-06T20:21:31","modified_gmt":"2022-09-06T19:21:31","slug":"dlonie-i-stopy","status":"publish","type":"page","link":"https:\/\/sylviastudio.co.uk\/en\/hands-and-foots\/","title":{"rendered":"HANDS AND HEELS"},"content":{"rendered":"<div data-elementor-type=\"wp-page\" data-elementor-id=\"1816\" class=\"elementor elementor-1816\">\n\t\t\t\t\t\t<section class=\"elementor-section elementor-top-section elementor-element elementor-element-c774312 elementor-section-boxed elementor-section-height-default elementor-section-height-default\" data-id=\"c774312\" data-element_type=\"section\">\n\t\t\t\t\t\t<div class=\"elementor-container elementor-column-gap-default\">\n\t\t\t\t\t<div class=\"elementor-column elementor-col-100 elementor-top-column elementor-element elementor-element-de952dd\" data-id=\"de952dd\" data-element_type=\"column\">\n\t\t\t<div class=\"elementor-widget-wrap elementor-element-populated\">\n\t\t\t\t\t\t<div class=\"elementor-element elementor-element-ccfe19a elementor-widget elementor-widget-heading\" data-id=\"ccfe19a\" data-element_type=\"widget\" data-widget_type=\"heading.default\">\n\t\t\t\t<div class=\"elementor-widget-container\">\n\t\t\t\t\t<h3 class=\"elementor-heading-title elementor-size-default\">PRICE LIST OF HAND AND FOOT TREATMENTS<\/h3>\t\t\t\t<\/div>\n\t\t\t\t<\/div>\n\t\t\t\t\t<\/div>\n\t\t<\/div>\n\t\t\t\t\t<\/div>\n\t\t<\/section>\n\t\t\t\t<section class=\"elementor-section elementor-top-section elementor-element elementor-element-7213bcc elementor-section-boxed elementor-section-height-default elementor-section-height-default\" data-id=\"7213bcc\" data-element_type=\"section\">\n\t\t\t\t\t\t<div class=\"elementor-container elementor-column-gap-default\">\n\t\t\t\t\t<div class=\"elementor-column elementor-col-66 elementor-top-column elementor-element elementor-element-72d9059\" data-id=\"72d9059\" data-element_type=\"column\">\n\t\t\t<div class=\"elementor-widget-wrap elementor-element-populated\">\n\t\t\t\t\t\t<div class=\"elementor-element elementor-element-aea2cf9 elementor-widget elementor-widget-text-editor\" data-id=\"aea2cf9\" data-element_type=\"widget\" data-widget_type=\"text-editor.default\">\n\t\t\t\t<div class=\"elementor-widget-container\">\n\t\t\t\t\t\t\t\t\t<h4><strong>Hand care<\/strong><\/h4>\n<ul>\n<li>Classic manicure \u00a318<\/li>\n<li aria-level=\"1\">Manicure for men \u00a315<\/li>\n<li aria-level=\"1\">Japanese manicure \u00a323<\/li>\n<li aria-level=\"1\">Hybrid manicure \u00a330<\/li>\n<li aria-level=\"1\">Profile hybrid manicure \u00a332<\/li>\n<li aria-level=\"1\">Hybrid-gel \u00a334<\/li>\n<li aria-level=\"1\">Gel manicure top-up \u00a336<\/li>\n<li aria-level=\"1\">Gel manicure extension \u00a339<\/li>\n<li aria-level=\"1\">Decorations from \u00a33<\/li>\n<li aria-level=\"1\">French painted \u00a36<\/li>\n<li aria-level=\"1\">French built \u00a38<\/li>\n<li aria-level=\"1\">Photo hybrid manicure \u00a38<\/li>\n<li aria-level=\"1\">Removal of gel manicure \u00a310<\/li>\n<li aria-level=\"1\">Warm hand paraffin wax \u00a315<\/li>\n<\/ul>\n<h4><strong>Foot care<\/strong><\/h4>\n<ul>\n<li>Hybrid for feet \u00a324<\/li>\n<li aria-level=\"1\">Classic pedicure \u00a332<\/li>\n<li aria-level=\"1\">Classic pedicure with manicure \u00a336<\/li>\n<li aria-level=\"1\">Classic pedicure with hybrid \u00a340<\/li>\n<li aria-level=\"1\">Milling machine classic pedicure \u00a337<\/li>\n<li aria-level=\"1\">Milling machine classic pedicure with manicure \u00a342<\/li>\n<\/ul>\t\t\t\t\t\t\t\t<\/div>\n\t\t\t\t<\/div>\n\t\t\t\t\t<\/div>\n\t\t<\/div>\n\t\t\t\t<div class=\"elementor-column elementor-col-33 elementor-top-column elementor-element elementor-element-f59c2fe\" data-id=\"f59c2fe\" data-element_type=\"column\">\n\t\t\t<div class=\"elementor-widget-wrap elementor-element-populated\">\n\t\t\t\t\t\t<div class=\"elementor-element elementor-element-4e0850d elementor-widget elementor-widget-image\" data-id=\"4e0850d\" data-element_type=\"widget\" data-widget_type=\"image.default\">\n\t\t\t\t<div class=\"elementor-widget-container\">\n\t\t\t\t\t\t\t\t\t\t\t\t\t\t\t<img fetchpriority=\"high\" decoding=\"async\" width=\"500\" height=\"500\" src=\"https:\/\/sylviastudio.co.uk\/wp-content\/uploads\/2020\/10\/Pielegnacja-dloni-i-paznokci-sylvia-beauty-studio.jpg\" class=\"attachment-large size-large wp-image-1820\" alt=\"\" srcset=\"https:\/\/sylviastudio.co.uk\/wp-content\/uploads\/2020\/10\/Pielegnacja-dloni-i-paznokci-sylvia-beauty-studio.jpg 500w, https:\/\/sylviastudio.co.uk\/wp-content\/uploads\/2020\/10\/Pielegnacja-dloni-i-paznokci-sylvia-beauty-studio-300x300.jpg 300w, https:\/\/sylviastudio.co.uk\/wp-content\/uploads\/2020\/10\/Pielegnacja-dloni-i-paznokci-sylvia-beauty-studio-100x100.jpg 100w, https:\/\/sylviastudio.co.uk\/wp-content\/uploads\/2020\/10\/Pielegnacja-dloni-i-paznokci-sylvia-beauty-studio-150x150.jpg 150w\" sizes=\"(max-width: 500px) 100vw, 500px\" \/>\t\t\t\t\t\t\t\t\t\t\t\t\t\t\t<\/div>\n\t\t\t\t<\/div>\n\t\t\t\t<div class=\"elementor-element elementor-element-f6cf886 elementor-widget elementor-widget-image\" data-id=\"f6cf886\" data-element_type=\"widget\" data-widget_type=\"image.default\">\n\t\t\t\t<div class=\"elementor-widget-container\">\n\t\t\t\t\t\t\t\t\t\t\t\t\t\t\t<img decoding=\"async\" width=\"500\" height=\"500\" src=\"https:\/\/sylviastudio.co.uk\/wp-content\/uploads\/2020\/10\/Pielegnacja-dloni-i-paznokci-sylvia-beauty-studio-1.jpg\" class=\"attachment-large size-large wp-image-1819\" alt=\"\" srcset=\"https:\/\/sylviastudio.co.uk\/wp-content\/uploads\/2020\/10\/Pielegnacja-dloni-i-paznokci-sylvia-beauty-studio-1.jpg 500w, https:\/\/sylviastudio.co.uk\/wp-content\/uploads\/2020\/10\/Pielegnacja-dloni-i-paznokci-sylvia-beauty-studio-1-300x300.jpg 300w, https:\/\/sylviastudio.co.uk\/wp-content\/uploads\/2020\/10\/Pielegnacja-dloni-i-paznokci-sylvia-beauty-studio-1-100x100.jpg 100w, https:\/\/sylviastudio.co.uk\/wp-content\/uploads\/2020\/10\/Pielegnacja-dloni-i-paznokci-sylvia-beauty-studio-1-150x150.jpg 150w\" sizes=\"(max-width: 500px) 100vw, 500px\" \/>\t\t\t\t\t\t\t\t\t\t\t\t\t\t\t<\/div>\n\t\t\t\t<\/div>\n\t\t\t\t\t<\/div>\n\t\t<\/div>\n\t\t\t\t\t<\/div>\n\t\t<\/section>\n\t\t\t\t<section class=\"elementor-section elementor-top-section elementor-element elementor-element-fa22171 elementor-section-boxed elementor-section-height-default elementor-section-height-default\" data-id=\"fa22171\" data-element_type=\"section\">\n\t\t\t\t\t\t<div class=\"elementor-container elementor-column-gap-default\">\n\t\t\t\t\t<div class=\"elementor-column elementor-col-66 elementor-top-column elementor-element elementor-element-3d2f328\" data-id=\"3d2f328\" data-element_type=\"column\">\n\t\t\t<div class=\"elementor-widget-wrap\">\n\t\t\t\t\t\t\t<\/div>\n\t\t<\/div>\n\t\t\t\t<div class=\"elementor-column elementor-col-33 elementor-top-column elementor-element elementor-element-a4e4fcc\" data-id=\"a4e4fcc\" data-element_type=\"column\">\n\t\t\t<div class=\"elementor-widget-wrap elementor-element-populated\">\n\t\t\t\t\t\t<div class=\"elementor-element elementor-element-9372460 elementor-widget elementor-widget-image\" data-id=\"9372460\" data-element_type=\"widget\" data-widget_type=\"image.default\">\n\t\t\t\t<div class=\"elementor-widget-container\">\n\t\t\t\t\t\t\t\t\t\t\t\t\t\t\t<img decoding=\"async\" width=\"500\" height=\"500\" src=\"https:\/\/sylviastudio.co.uk\/wp-content\/uploads\/2020\/10\/Pielegnacja-dloni-i-paznokci-sylvia-beauty-studio-2.jpg\" class=\"attachment-large size-large wp-image-1818\" alt=\"\" srcset=\"https:\/\/sylviastudio.co.uk\/wp-content\/uploads\/2020\/10\/Pielegnacja-dloni-i-paznokci-sylvia-beauty-studio-2.jpg 500w, https:\/\/sylviastudio.co.uk\/wp-content\/uploads\/2020\/10\/Pielegnacja-dloni-i-paznokci-sylvia-beauty-studio-2-300x300.jpg 300w, https:\/\/sylviastudio.co.uk\/wp-content\/uploads\/2020\/10\/Pielegnacja-dloni-i-paznokci-sylvia-beauty-studio-2-100x100.jpg 100w, https:\/\/sylviastudio.co.uk\/wp-content\/uploads\/2020\/10\/Pielegnacja-dloni-i-paznokci-sylvia-beauty-studio-2-150x150.jpg 150w\" sizes=\"(max-width: 500px) 100vw, 500px\" \/>\t\t\t\t\t\t\t\t\t\t\t\t\t\t\t<\/div>\n\t\t\t\t<\/div>\n\t\t\t\t\t<\/div>\n\t\t<\/div>\n\t\t\t\t\t<\/div>\n\t\t<\/section>\n\t\t\t\t<\/div>","protected":false},"excerpt":{"rendered":"<p>CENNIK ZABIEG\u00d3W NA D\u0141ONIE I STOPY Piel\u0119gnacja d\u0142oni Manicure klasyczny \u00a318 Manicure m\u0119ski \u00a315 Manicure japo\u0144ski \u00a323 Manicure hybrydowy \u00a330 Manicure hybrydowy profilowany \u00a332 Hybrydo-\u017cel \u00a334 Manicure \u017celowy uzupe\u0142nienie \u00a336 Manicure \u017celowy przed\u0142u\u017cenie \u00a339 Zdobienia od \u00a33 French malowany \u00a36 French budowany \u00a38 Zdj\u0119cie manicure hybrydowego \u00a38 Zdj\u0119cie manicure \u017celowego \u00a310 Ciep\u0142a parafina na d\u0142onie &hellip;<\/p>\n<p class=\"read-more\"> <a class=\"\" href=\"https:\/\/sylviastudio.co.uk\/en\/hands-and-foots\/\"> <span class=\"screen-reader-text\">HANDS AND HEELS<\/span> Read More \u00bb<\/a><\/p>","protected":false},"author":1,"featured_media":0,"parent":0,"menu_order":0,"comment_status":"closed","ping_status":"closed","template":"","meta":{"_uag_custom_page_level_css":"","_joinchat":[],"footnotes":""},"class_list":["post-1816","page","type-page","status-publish","hentry"],"uagb_featured_image_src":{"full":false,"thumbnail":false,"medium":false,"medium_large":false,"large":false,"1536x1536":false,"2048x2048":false,"trp-custom-language-flag":false,"woocommerce_thumbnail":false,"woocommerce_single":false,"woocommerce_gallery_thumbnail":false},"uagb_author_info":{"display_name":"sylvia_studio","author_link":"https:\/\/sylviastudio.co.uk\/en\/author\/sylvia_studio\/"},"uagb_comment_info":0,"uagb_excerpt":"CENNIK ZABIEG\u00d3W NA D\u0141ONIE I STOPY Piel\u0119gnacja d\u0142oni Manicure klasyczny \u00a318 Manicure m\u0119ski \u00a315 Manicure japo\u0144ski \u00a323 Manicure hybrydowy \u00a330 Manicure hybrydowy profilowany \u00a332 Hybrydo-\u017cel \u00a334 Manicure \u017celowy uzupe\u0142nienie \u00a336 Manicure \u017celowy przed\u0142u\u017cenie \u00a339 Zdobienia od \u00a33 French malowany \u00a36 French budowany \u00a38 Zdj\u0119cie manicure hybrydowego \u00a38 Zdj\u0119cie manicure \u017celowego \u00a310 Ciep\u0142a parafina na d\u0142onie&hellip;","_links":{"self":[{"href":"https:\/\/sylviastudio.co.uk\/en\/wp-json\/wp\/v2\/pages\/1816","targetHints":{"allow":["GET"]}}],"collection":[{"href":"https:\/\/sylviastudio.co.uk\/en\/wp-json\/wp\/v2\/pages"}],"about":[{"href":"https:\/\/sylviastudio.co.uk\/en\/wp-json\/wp\/v2\/types\/page"}],"author":[{"embeddable":true,"href":"https:\/\/sylviastudio.co.uk\/en\/wp-json\/wp\/v2\/users\/1"}],"replies":[{"embeddable":true,"href":"https:\/\/sylviastudio.co.uk\/en\/wp-json\/wp\/v2\/comments?post=1816"}],"version-history":[{"count":10,"href":"https:\/\/sylviastudio.co.uk\/en\/wp-json\/wp\/v2\/pages\/1816\/revisions"}],"predecessor-version":[{"id":2314,"href":"https:\/\/sylviastudio.co.uk\/en\/wp-json\/wp\/v2\/pages\/1816\/revisions\/2314"}],"wp:attachment":[{"href":"https:\/\/sylviastudio.co.uk\/en\/wp-json\/wp\/v2\/media?parent=1816"}],"curies":[{"name":"wp","href":"https:\/\/api.w.org\/{rel}","templated":true}]}}