{"id":1823,"date":"2020-10-03T22:15:10","date_gmt":"2020-10-03T21:15:10","guid":{"rendered":"http:\/\/sylviastudio.co.uk\/?page_id=1823"},"modified":"2026-01-08T11:18:34","modified_gmt":"2026-01-08T11:18:34","slug":"medycyna-estetyczna","status":"publish","type":"page","link":"https:\/\/sylviastudio.co.uk\/en\/medicine-aesthetic\/","title":{"rendered":"MED. ESTETIC"},"content":{"rendered":"<div data-elementor-type=\"wp-page\" data-elementor-id=\"1823\" class=\"elementor elementor-1823\">\n\t\t\t\t\t\t<section class=\"elementor-section elementor-top-section elementor-element elementor-element-86acc40 elementor-section-boxed elementor-section-height-default elementor-section-height-default\" data-id=\"86acc40\" data-element_type=\"section\">\n\t\t\t\t\t\t<div class=\"elementor-container elementor-column-gap-default\">\n\t\t\t\t\t<div class=\"elementor-column elementor-col-100 elementor-top-column elementor-element elementor-element-a68af97\" data-id=\"a68af97\" data-element_type=\"column\">\n\t\t\t<div class=\"elementor-widget-wrap elementor-element-populated\">\n\t\t\t\t\t\t<div class=\"elementor-element elementor-element-7e2a92b elementor-widget elementor-widget-heading\" data-id=\"7e2a92b\" data-element_type=\"widget\" data-widget_type=\"heading.default\">\n\t\t\t\t<div class=\"elementor-widget-container\">\n\t\t\t\t\t<h3 class=\"elementor-heading-title elementor-size-default\">PRICE LIST OF AESTHETIC MEDICINE TREATMENTS<\/h3>\t\t\t\t<\/div>\n\t\t\t\t<\/div>\n\t\t\t\t<section class=\"elementor-section elementor-inner-section elementor-element elementor-element-8a9159b elementor-section-boxed elementor-section-height-default elementor-section-height-default\" data-id=\"8a9159b\" data-element_type=\"section\">\n\t\t\t\t\t\t<div class=\"elementor-container elementor-column-gap-default\">\n\t\t\t\t\t<div class=\"elementor-column elementor-col-50 elementor-inner-column elementor-element elementor-element-2fa2648\" data-id=\"2fa2648\" data-element_type=\"column\">\n\t\t\t<div class=\"elementor-widget-wrap elementor-element-populated\">\n\t\t\t\t\t\t<div class=\"elementor-element elementor-element-f4a3fc0 elementor-widget elementor-widget-heading\" data-id=\"f4a3fc0\" data-element_type=\"widget\" data-widget_type=\"heading.default\">\n\t\t\t\t<div class=\"elementor-widget-container\">\n\t\t\t\t\t<h3 class=\"elementor-heading-title elementor-size-default\">BOOK YOUR TREATMENT <\/h3>\t\t\t\t<\/div>\n\t\t\t\t<\/div>\n\t\t\t\t\t<\/div>\n\t\t<\/div>\n\t\t\t\t<div class=\"elementor-column elementor-col-50 elementor-inner-column elementor-element elementor-element-efe2909\" data-id=\"efe2909\" data-element_type=\"column\">\n\t\t\t<div class=\"elementor-widget-wrap elementor-element-populated\">\n\t\t\t\t\t\t<div class=\"elementor-element elementor-element-cac61f5 elementor-widget elementor-widget-button\" data-id=\"cac61f5\" data-element_type=\"widget\" data-widget_type=\"button.default\">\n\t\t\t\t<div class=\"elementor-widget-container\">\n\t\t\t\t\t\t\t\t\t<div class=\"elementor-button-wrapper\">\n\t\t\t\t\t<a class=\"elementor-button elementor-button-link elementor-size-sm\" href=\"https:\/\/sylviastudio.co.uk\/en\/?post_type=product&#038;p=2260&#038;preview=true\">\n\t\t\t\t\t\t<span class=\"elementor-button-content-wrapper\">\n\t\t\t\t\t\t\t\t\t<span class=\"elementor-button-text\">DOWN PAYMENT \/ BOOK NOW <\/span>\n\t\t\t\t\t<\/span>\n\t\t\t\t\t<\/a>\n\t\t\t\t<\/div>\n\t\t\t\t\t\t\t\t<\/div>\n\t\t\t\t<\/div>\n\t\t\t\t\t<\/div>\n\t\t<\/div>\n\t\t\t\t\t<\/div>\n\t\t<\/section>\n\t\t\t\t\t<\/div>\n\t\t<\/div>\n\t\t\t\t\t<\/div>\n\t\t<\/section>\n\t\t\t\t<section class=\"elementor-section elementor-top-section elementor-element elementor-element-6364177 elementor-section-boxed elementor-section-height-default elementor-section-height-default\" data-id=\"6364177\" data-element_type=\"section\">\n\t\t\t\t\t\t<div class=\"elementor-container elementor-column-gap-default\">\n\t\t\t\t\t<div class=\"elementor-column elementor-col-66 elementor-top-column elementor-element elementor-element-d2ca3b9\" data-id=\"d2ca3b9\" data-element_type=\"column\">\n\t\t\t<div class=\"elementor-widget-wrap elementor-element-populated\">\n\t\t\t\t\t\t<div class=\"elementor-element elementor-element-46dc5fa elementor-widget elementor-widget-text-editor\" data-id=\"46dc5fa\" data-element_type=\"widget\" data-widget_type=\"text-editor.default\">\n\t\t\t\t<div class=\"elementor-widget-container\">\n\t\t\t\t\t\t\t\t\t<h5><strong style=\"font-style: inherit;\"><span style=\"font-style: inherit; font-weight: inherit;\">Botox<\/span><\/strong><\/h5><ul><li>Botox one point from \u00a3150<\/li><li>Botox two point from \u00a3180<\/li><li>Botox three point from \u00a3210<\/li><\/ul><h5><strong style=\"font-style: inherit;\"><span style=\"font-style: inherit; font-weight: inherit;\">Hyaluronic acid<\/span><\/strong><\/h5><ul><li>Lip augmentation (0.5ml ) - \u00a3130<\/li><li>Lip augmentation (1 ml ) - \u00a3180<\/li><li>Nasolabial filler - \u00a3180<\/li><li>Marionettes - \u00a3180<\/li><\/ul><h5>Vitamin cocktail with hyaluronic acid - from \u00a3150<\/h5><h5>Platelet rich plasma treatment - \u00a3150<\/h5><h5>Platelet rich plasma treatment plus fibrin - \u00a3250<\/h5><h5>Platelet rich plasma combined with Dermapen 4 - \u00a3230<\/h5><h5>Plasma complex 3-in-one - \u00a3270<\/h5><h5>Chemical peeling - \u00a380<\/h5><h5>Profhillo - \u00a3220<\/h5><h5>Biorepeelcl3 -\u00a0<span style=\"color: #000f2b; font-family: Sarala, sans-serif; font-size: 1.125rem; font-style: normal; font-weight: bold;\">\u00a380<\/span><\/h5><div><h5 style=\"font-style: normal;\">Biorepeelcl3 combined with Dermapen 4 -. <span style=\"font-size: 1.125rem; font-style: normal; font-weight: bold;\">\u00a3190<\/span><\/h5><h5 style=\"font-style: normal;\"><span style=\"font-size: 1.125rem; font-style: normal; font-weight: bold;\">Selected tissue stimulator for the eye area from \u00a3130<\/span><\/h5><h5 style=\"font-style: normal;\"><span style=\"font-size: 1.125rem; font-style: normal; font-weight: bold;\">Selected tissue stimulator for the whole face from \u00a3150<\/span><\/h5><\/div>\t\t\t\t\t\t\t\t<\/div>\n\t\t\t\t<\/div>\n\t\t\t\t\t<\/div>\n\t\t<\/div>\n\t\t\t\t<div class=\"elementor-column elementor-col-33 elementor-top-column elementor-element elementor-element-638651a\" data-id=\"638651a\" data-element_type=\"column\">\n\t\t\t<div class=\"elementor-widget-wrap elementor-element-populated\">\n\t\t\t\t\t\t<div class=\"elementor-element elementor-element-26c5197 elementor-widget elementor-widget-image\" data-id=\"26c5197\" data-element_type=\"widget\" data-widget_type=\"image.default\">\n\t\t\t\t<div class=\"elementor-widget-container\">\n\t\t\t\t\t\t\t\t\t\t\t\t\t\t\t<img fetchpriority=\"high\" decoding=\"async\" width=\"400\" height=\"600\" src=\"https:\/\/sylviastudio.co.uk\/wp-content\/uploads\/2020\/10\/medycyna-estetyczna.jpg\" class=\"attachment-large size-large wp-image-1825\" alt=\"\" srcset=\"https:\/\/sylviastudio.co.uk\/wp-content\/uploads\/2020\/10\/medycyna-estetyczna.jpg 400w, https:\/\/sylviastudio.co.uk\/wp-content\/uploads\/2020\/10\/medycyna-estetyczna-200x300.jpg 200w\" sizes=\"(max-width: 400px) 100vw, 400px\" \/>\t\t\t\t\t\t\t\t\t\t\t\t\t\t\t<\/div>\n\t\t\t\t<\/div>\n\t\t\t\t\t<\/div>\n\t\t<\/div>\n\t\t\t\t\t<\/div>\n\t\t<\/section>\n\t\t\t\t<section class=\"elementor-section elementor-top-section elementor-element elementor-element-9c5dafb elementor-section-boxed elementor-section-height-default elementor-section-height-default\" data-id=\"9c5dafb\" data-element_type=\"section\">\n\t\t\t\t\t\t<div class=\"elementor-container elementor-column-gap-default\">\n\t\t\t\t\t<div class=\"elementor-column elementor-col-100 elementor-top-column elementor-element elementor-element-6a4d986\" data-id=\"6a4d986\" data-element_type=\"column\">\n\t\t\t<div class=\"elementor-widget-wrap elementor-element-populated\">\n\t\t\t\t\t\t<section class=\"elementor-section elementor-inner-section elementor-element elementor-element-604edf2 elementor-section-boxed elementor-section-height-default elementor-section-height-default\" data-id=\"604edf2\" data-element_type=\"section\">\n\t\t\t\t\t\t<div class=\"elementor-container elementor-column-gap-default\">\n\t\t\t\t\t<div class=\"elementor-column elementor-col-50 elementor-inner-column elementor-element elementor-element-447bc9e\" data-id=\"447bc9e\" data-element_type=\"column\">\n\t\t\t<div class=\"elementor-widget-wrap elementor-element-populated\">\n\t\t\t\t\t\t<div class=\"elementor-element elementor-element-ebc82f9 elementor-widget elementor-widget-heading\" data-id=\"ebc82f9\" data-element_type=\"widget\" data-widget_type=\"heading.default\">\n\t\t\t\t<div class=\"elementor-widget-container\">\n\t\t\t\t\t<h3 class=\"elementor-heading-title elementor-size-default\">BOOK YOUR TREATMENT <\/h3>\t\t\t\t<\/div>\n\t\t\t\t<\/div>\n\t\t\t\t\t<\/div>\n\t\t<\/div>\n\t\t\t\t<div class=\"elementor-column elementor-col-50 elementor-inner-column elementor-element elementor-element-9daa466\" data-id=\"9daa466\" data-element_type=\"column\">\n\t\t\t<div class=\"elementor-widget-wrap elementor-element-populated\">\n\t\t\t\t\t\t<div class=\"elementor-element elementor-element-85f53de elementor-widget elementor-widget-button\" data-id=\"85f53de\" data-element_type=\"widget\" data-widget_type=\"button.default\">\n\t\t\t\t<div class=\"elementor-widget-container\">\n\t\t\t\t\t\t\t\t\t<div class=\"elementor-button-wrapper\">\n\t\t\t\t\t<a class=\"elementor-button elementor-button-link elementor-size-sm\" href=\"https:\/\/sylviastudio.co.uk\/en\/?post_type=product&#038;p=2260&#038;preview=true\">\n\t\t\t\t\t\t<span class=\"elementor-button-content-wrapper\">\n\t\t\t\t\t\t\t\t\t<span class=\"elementor-button-text\">DOWN PAYMENT \/ BOOK NOW <\/span>\n\t\t\t\t\t<\/span>\n\t\t\t\t\t<\/a>\n\t\t\t\t<\/div>\n\t\t\t\t\t\t\t\t<\/div>\n\t\t\t\t<\/div>\n\t\t\t\t\t<\/div>\n\t\t<\/div>\n\t\t\t\t\t<\/div>\n\t\t<\/section>\n\t\t\t\t\t<\/div>\n\t\t<\/div>\n\t\t\t\t\t<\/div>\n\t\t<\/section>\n\t\t\t\t<\/div>","protected":false},"excerpt":{"rendered":"<p>CENNIK ZABIEG\u00d3W Z MEDYCYNY ESTETYCZNEJ REZERWUJE SW\u00d3J ZABIEG WP\u0141ATA ZALICZKI \/ BOOK NOW Botox Botox jeden punkt od \u00a3150 Botox dwa punkty od \u00a3180 Botox trzy punkt od \u00a3210 Kwas hialurynowy Powi\u0119kszanie ust (0,5ml ) &#8211; \u00a3130 Powi\u0119kszanie ust (1 ml ) &#8211; \u00a3180 Wype\u0142nianie bruzd nosowo-wargowych &#8211; \u00a3180 Marionetki &#8211; \u00a3180 Koktajl witaminowy z &hellip;<\/p>\n<p class=\"read-more\"> <a class=\"\" href=\"https:\/\/sylviastudio.co.uk\/en\/medicine-aesthetic\/\"> <span class=\"screen-reader-text\">MED. ESTETIC<\/span> Read More \u00bb<\/a><\/p>","protected":false},"author":1,"featured_media":0,"parent":0,"menu_order":0,"comment_status":"closed","ping_status":"closed","template":"","meta":{"_uag_custom_page_level_css":"","_joinchat":[],"footnotes":""},"class_list":["post-1823","page","type-page","status-publish","hentry"],"uagb_featured_image_src":{"full":false,"thumbnail":false,"medium":false,"medium_large":false,"large":false,"1536x1536":false,"2048x2048":false,"trp-custom-language-flag":false,"woocommerce_thumbnail":false,"woocommerce_single":false,"woocommerce_gallery_thumbnail":false},"uagb_author_info":{"display_name":"sylvia_studio","author_link":"https:\/\/sylviastudio.co.uk\/en\/author\/sylvia_studio\/"},"uagb_comment_info":0,"uagb_excerpt":"CENNIK ZABIEG\u00d3W Z MEDYCYNY ESTETYCZNEJ REZERWUJE SW\u00d3J ZABIEG WP\u0141ATA ZALICZKI \/ BOOK NOW Botox Botox jeden punkt od \u00a3150 Botox dwa punkty od \u00a3180 Botox trzy punkt od \u00a3210 Kwas hialurynowy Powi\u0119kszanie ust (0,5ml ) &#8211; \u00a3130 Powi\u0119kszanie ust (1 ml ) &#8211; \u00a3180 Wype\u0142nianie bruzd nosowo-wargowych &#8211; \u00a3180 Marionetki &#8211; \u00a3180 Koktajl witaminowy z&hellip;","_links":{"self":[{"href":"https:\/\/sylviastudio.co.uk\/en\/wp-json\/wp\/v2\/pages\/1823","targetHints":{"allow":["GET"]}}],"collection":[{"href":"https:\/\/sylviastudio.co.uk\/en\/wp-json\/wp\/v2\/pages"}],"about":[{"href":"https:\/\/sylviastudio.co.uk\/en\/wp-json\/wp\/v2\/types\/page"}],"author":[{"embeddable":true,"href":"https:\/\/sylviastudio.co.uk\/en\/wp-json\/wp\/v2\/users\/1"}],"replies":[{"embeddable":true,"href":"https:\/\/sylviastudio.co.uk\/en\/wp-json\/wp\/v2\/comments?post=1823"}],"version-history":[{"count":54,"href":"https:\/\/sylviastudio.co.uk\/en\/wp-json\/wp\/v2\/pages\/1823\/revisions"}],"predecessor-version":[{"id":2710,"href":"https:\/\/sylviastudio.co.uk\/en\/wp-json\/wp\/v2\/pages\/1823\/revisions\/2710"}],"wp:attachment":[{"href":"https:\/\/sylviastudio.co.uk\/en\/wp-json\/wp\/v2\/media?parent=1823"}],"curies":[{"name":"wp","href":"https:\/\/api.w.org\/{rel}","templated":true}]}}