{"id":2155,"date":"2022-05-11T08:14:14","date_gmt":"2022-05-11T07:14:14","guid":{"rendered":"https:\/\/sylviastudio.co.uk\/?post_type=product&#038;p=2155"},"modified":"2022-05-11T09:24:07","modified_gmt":"2022-05-11T08:24:07","slug":"krem-dla-skory-tradzikowej-i-mieszanej","status":"publish","type":"product","link":"https:\/\/sylviastudio.co.uk\/en\/product\/cream-for-acne-prone-skin-and-mixed-skin\/","title":{"rendered":"CREAM FOR ACNE AND COMBINATION SKIN"},"content":{"rendered":"<p><strong>Who is this product for?<\/strong><\/p>\n<p>The ideal cream for skin prone to blemishes and acne. It will calm the skin to look beautiful.<\/p>\n<p><strong>Description:<\/strong><\/p>\n<p>Our wonderful\u00a0<strong>nettle<\/strong>\u00a0cares for a clear complexion, has a strong anti-inflammatory, nourishing and regenerative effect on the skin. In combination with\u00a0<strong>yarrow<\/strong>\u00a0is even designed to restore a healthy and beautiful appearance to acne-prone skin,\u00a0<strong>Yarrow<\/strong>\u00a0has an anti-inflammatory effect, but most importantly it lightens the skin to make acne scars less visible.\u00a0<strong>Organic sulphur<\/strong>\u00a0makes the skin smooth, supple and well-hydrated. It improves the elasticity and appearance of the epidermis.<\/p>\n<p><strong>Method of use:<\/strong><\/p>\n<p>Apply daily, after cleansing and toning the skin. Perform a gentle massage until absorbed.<\/p>\n<p><strong>Active ingredients:<\/strong>\u00a0Nettle butter, cold-pressed hemp oil, nettle oil, yarrow oil, calendula oil, tapioca, beeswax, MSM(organic sulphur).<\/p>\n<p><strong>Storage:<\/strong>\u00a0Once opened, store in the refrigerator<\/p>\n<p><strong>Capacity:<\/strong>\u00a030ml<\/p>\n<p>&nbsp;<\/p>\n<p><strong>CALMING INTENSIVE FACIAL CREAM<\/strong><\/p>\n<p><strong>DESCRIPTION<\/strong><\/p>\n<p>Uses:<\/p>\n<p>Ideal cream for breakout and acne-prone skin. Soothe your skin for a beautiful look.<\/p>\n<p>Our gorgeous nettle makes sure that the skin of your face is clean and nourished. It has anti-inflammatory and regenerating properties. In tandem with yarrow they seem like a match made in heaven in restoring healthy and beautiful look of an acne-prone skin. It is anti-inflammatory but most importantly it brightens your skin making your acne scars less visible. Organic sulphur will make your skin smooth, elastic and well hydrated leaving the epidermis with an improved look.<\/p>\n<p>Directions for use:<\/p>\n<p>Use daily after cleansing and toning. Gently massage with circular movements until absorbed.<\/p>\n<p><strong>Storage:<\/strong>\u00a0refrigerate after opening.<\/p>\n<p><strong>EDIBLE INGREDIENTS:<\/strong>\u00a0Nettle butter, Hemp seed oil cold pressed, Nettle infused oil, Yarrow infused oil, Calendula infused oil, Tapioca, BEESWAX, MSM organic sulphur, Methylsulfonylmethane.<\/p>\n<p><strong>Capacity:<\/strong>\u00a030ml<\/p>","protected":false},"excerpt":{"rendered":"<p>The ideal cream for skin prone to blemishes and acne. It will calm the skin to look beautiful.<\/p>","protected":false},"featured_media":2156,"comment_status":"open","ping_status":"closed","template":"","meta":{"_uag_custom_page_level_css":"","_joinchat":[]},"product_brand":[],"product_cat":[26],"product_tag":[],"class_list":{"0":"post-2155","1":"product","2":"type-product","3":"status-publish","4":"has-post-thumbnail","6":"product_cat-twarz-face","8":"first","9":"instock","10":"shipping-taxable","11":"purchasable","12":"product-type-simple"},"uagb_featured_image_src":{"full":["https:\/\/sylviastudio.co.uk\/wp-content\/uploads\/2022\/05\/KREM-DLA-SKORY-TRADZIKOWEJ-I-MIESZANEJ.jpg",1124,1124,false],"thumbnail":["https:\/\/sylviastudio.co.uk\/wp-content\/uploads\/2022\/05\/KREM-DLA-SKORY-TRADZIKOWEJ-I-MIESZANEJ-150x150.jpg",150,150,true],"medium":["https:\/\/sylviastudio.co.uk\/wp-content\/uploads\/2022\/05\/KREM-DLA-SKORY-TRADZIKOWEJ-I-MIESZANEJ-300x300.jpg",300,300,true],"medium_large":["https:\/\/sylviastudio.co.uk\/wp-content\/uploads\/2022\/05\/KREM-DLA-SKORY-TRADZIKOWEJ-I-MIESZANEJ-768x768.jpg",768,768,true],"large":["https:\/\/sylviastudio.co.uk\/wp-content\/uploads\/2022\/05\/KREM-DLA-SKORY-TRADZIKOWEJ-I-MIESZANEJ-1024x1024.jpg",1024,1024,true],"1536x1536":["https:\/\/sylviastudio.co.uk\/wp-content\/uploads\/2022\/05\/KREM-DLA-SKORY-TRADZIKOWEJ-I-MIESZANEJ.jpg",1124,1124,false],"2048x2048":["https:\/\/sylviastudio.co.uk\/wp-content\/uploads\/2022\/05\/KREM-DLA-SKORY-TRADZIKOWEJ-I-MIESZANEJ.jpg",1124,1124,false],"trp-custom-language-flag":["https:\/\/sylviastudio.co.uk\/wp-content\/uploads\/2022\/05\/KREM-DLA-SKORY-TRADZIKOWEJ-I-MIESZANEJ.jpg",12,12,false],"woocommerce_thumbnail":["https:\/\/sylviastudio.co.uk\/wp-content\/uploads\/2022\/05\/KREM-DLA-SKORY-TRADZIKOWEJ-I-MIESZANEJ-300x300.jpg",300,300,true],"woocommerce_single":["https:\/\/sylviastudio.co.uk\/wp-content\/uploads\/2022\/05\/KREM-DLA-SKORY-TRADZIKOWEJ-I-MIESZANEJ-600x600.jpg",600,600,true],"woocommerce_gallery_thumbnail":["https:\/\/sylviastudio.co.uk\/wp-content\/uploads\/2022\/05\/KREM-DLA-SKORY-TRADZIKOWEJ-I-MIESZANEJ-100x100.jpg",100,100,true]},"uagb_author_info":{"display_name":"sylvia_studio","author_link":"https:\/\/sylviastudio.co.uk\/en\/author\/"},"uagb_comment_info":0,"uagb_excerpt":"Idealny krem dla sk\u00f3ry z tendencj\u0105 do wyprysk\u00f3w i tr\u0105dzikiem. Wyciszy sk\u00f3r\u0119, aby wygl\u0105da\u0107 pi\u0119knie.","_links":{"self":[{"href":"https:\/\/sylviastudio.co.uk\/en\/wp-json\/wp\/v2\/product\/2155","targetHints":{"allow":["GET"]}}],"collection":[{"href":"https:\/\/sylviastudio.co.uk\/en\/wp-json\/wp\/v2\/product"}],"about":[{"href":"https:\/\/sylviastudio.co.uk\/en\/wp-json\/wp\/v2\/types\/product"}],"replies":[{"embeddable":true,"href":"https:\/\/sylviastudio.co.uk\/en\/wp-json\/wp\/v2\/comments?post=2155"}],"wp:featuredmedia":[{"embeddable":true,"href":"https:\/\/sylviastudio.co.uk\/en\/wp-json\/wp\/v2\/media\/2156"}],"wp:attachment":[{"href":"https:\/\/sylviastudio.co.uk\/en\/wp-json\/wp\/v2\/media?parent=2155"}],"wp:term":[{"taxonomy":"product_brand","embeddable":true,"href":"https:\/\/sylviastudio.co.uk\/en\/wp-json\/wp\/v2\/product_brand?post=2155"},{"taxonomy":"product_cat","embeddable":true,"href":"https:\/\/sylviastudio.co.uk\/en\/wp-json\/wp\/v2\/product_cat?post=2155"},{"taxonomy":"product_tag","embeddable":true,"href":"https:\/\/sylviastudio.co.uk\/en\/wp-json\/wp\/v2\/product_tag?post=2155"}],"curies":[{"name":"wp","href":"https:\/\/api.w.org\/{rel}","templated":true}]}}