{"id":2178,"date":"2022-05-11T13:25:47","date_gmt":"2022-05-11T12:25:47","guid":{"rendered":"https:\/\/sylviastudio.co.uk\/?post_type=product&#038;p=2178"},"modified":"2022-05-11T13:35:10","modified_gmt":"2022-05-11T12:35:10","slug":"olejek-odzywczy-zielone-smoothie","status":"publish","type":"product","link":"https:\/\/sylviastudio.co.uk\/en\/product\/oil-green-smoothie\/","title":{"rendered":"NOURISHING OIL GREEN SMOOTHIE"},"content":{"rendered":"<p><strong>NOURISHING OIL GREEN SMOOTHIE<\/strong><\/p>\n<p><strong>DESCRIPTION<\/strong><\/p>\n<p>Who is this product for?<\/p>\n<p>It works for all skin types, but especially for grey, tired skin in need of an extra dose of vitamins.<\/p>\n<p><strong>Kale<\/strong> very intensively nourishes the skin, restores a beautiful, healthy colour and improves the function of the sebaceous glands.\u00a0<strong>Parsley<\/strong> moisturises perfectly and provides a large dose of vitamins. Borage oil eliminates inflammation and prevents premature skin ageing.\u00a0<strong>Hemp oil<\/strong>\u00a0has a very high nutritional value, and moisturises and regenerates.\u00a0<strong>Horsetail<\/strong> rapidly improves the appearance of the skin, promotes skin renewal processes, increases the elasticity of collagen fibres and delays the skin ageing process.<\/p>\n<p>Method of use:<\/p>\n<p>Overnight oil. Shake well before use. Apply 3 to 6 drops to clean, damp skin , massaging gently until absorbed.<\/p>\n<p><strong>Active ingredients:<\/strong>\u00a0Kale oil, hemp oil, young barley grass oil, nettle oil, borage seed oil, parsley oil, horsetail oil, plantain oil.<\/p>\n<p><strong>Storage:<\/strong>\u00a0Once opened, store in the refrigerator<\/p>\n<p><strong>Capacity:<\/strong>\u00a030ml<\/p>\n<p>&nbsp;<\/p>\n<p><strong>GREEN SMOOTHIE FACE OIL<\/strong><\/p>\n<p>DESCRIPTION<\/p>\n<p>Uses:<\/p>\n<p>It is suitable for all skin types, though dull and tired skin in need of a vitamin boost will make the best use of it.<\/p>\n<p><strong>Kale<\/strong>\u00a0will intensively nourish your skin, restore its beautiful and healthy tone and improve the function of your sebaceous glands.\u00a0<strong>Parsley<\/strong>\u00a0splendidly hydrates your skin and supplies it with a high dose of vitamins.\u00a0<strong>Borage oil<\/strong>\u00a0removes inflammations and prevents premature skin aging.\u00a0<strong>Hemp oil<\/strong>\u00a0is high in nutrients. It hydrates and regenerates your skin.\u00a0<strong>Horsetail<\/strong>\u00a0rapidly improves the appearance of your skin and stalls its aging process by supporting revitalisation processes and increasing the elasticity of collagen fibres.<\/p>\n<p>Directions for use:<\/p>\n<p>Night Oil. Shake gently before use. Apply 3 - 6 drops to clean, damp skin and treat yourself to, a facial massage to help the oils absorb.<\/p>\n<p><strong>Edible ingreadients only:<\/strong>\u00a0Kale infused oil*(20%), hemp oil**(20%), barley grass oil*(20%), nettle oil*(10%), borage seed oil**(10%) parsley oil*(10%), horsetail oil*(5%), plantain oil*(5%)<\/p>\n<p>*macerated oil made with fresh cold-pressed linseed oil ** cold-pressed<\/p>\n<p><strong>Storage:<\/strong>\u00a0refrigerate after opening.<\/p>\n<p><strong>Capacity:\u00a0<\/strong>30ml<\/p>","protected":false},"excerpt":{"rendered":"<p>Suitable for all skin types, but especially for grey, tired skin in need of an extra dose of vitamins.<\/p>","protected":false},"featured_media":2179,"comment_status":"open","ping_status":"closed","template":"","meta":{"_uag_custom_page_level_css":"","_joinchat":[]},"product_brand":[],"product_cat":[26],"product_tag":[],"class_list":{"0":"post-2178","1":"product","2":"type-product","3":"status-publish","4":"has-post-thumbnail","6":"product_cat-twarz-face","8":"first","9":"instock","10":"shipping-taxable","11":"purchasable","12":"product-type-simple"},"uagb_featured_image_src":{"full":["https:\/\/sylviastudio.co.uk\/wp-content\/uploads\/2022\/05\/OLEJEK-ODZYWCZY-ZIELONE-SMOOTHIE.jpg",500,500,false],"thumbnail":["https:\/\/sylviastudio.co.uk\/wp-content\/uploads\/2022\/05\/OLEJEK-ODZYWCZY-ZIELONE-SMOOTHIE-150x150.jpg",150,150,true],"medium":["https:\/\/sylviastudio.co.uk\/wp-content\/uploads\/2022\/05\/OLEJEK-ODZYWCZY-ZIELONE-SMOOTHIE-300x300.jpg",300,300,true],"medium_large":["https:\/\/sylviastudio.co.uk\/wp-content\/uploads\/2022\/05\/OLEJEK-ODZYWCZY-ZIELONE-SMOOTHIE.jpg",500,500,false],"large":["https:\/\/sylviastudio.co.uk\/wp-content\/uploads\/2022\/05\/OLEJEK-ODZYWCZY-ZIELONE-SMOOTHIE.jpg",500,500,false],"1536x1536":["https:\/\/sylviastudio.co.uk\/wp-content\/uploads\/2022\/05\/OLEJEK-ODZYWCZY-ZIELONE-SMOOTHIE.jpg",500,500,false],"2048x2048":["https:\/\/sylviastudio.co.uk\/wp-content\/uploads\/2022\/05\/OLEJEK-ODZYWCZY-ZIELONE-SMOOTHIE.jpg",500,500,false],"trp-custom-language-flag":["https:\/\/sylviastudio.co.uk\/wp-content\/uploads\/2022\/05\/OLEJEK-ODZYWCZY-ZIELONE-SMOOTHIE.jpg",12,12,false],"woocommerce_thumbnail":["https:\/\/sylviastudio.co.uk\/wp-content\/uploads\/2022\/05\/OLEJEK-ODZYWCZY-ZIELONE-SMOOTHIE-300x300.jpg",300,300,true],"woocommerce_single":["https:\/\/sylviastudio.co.uk\/wp-content\/uploads\/2022\/05\/OLEJEK-ODZYWCZY-ZIELONE-SMOOTHIE.jpg",500,500,false],"woocommerce_gallery_thumbnail":["https:\/\/sylviastudio.co.uk\/wp-content\/uploads\/2022\/05\/OLEJEK-ODZYWCZY-ZIELONE-SMOOTHIE-100x100.jpg",100,100,true]},"uagb_author_info":{"display_name":"sylvia_studio","author_link":"https:\/\/sylviastudio.co.uk\/en\/author\/"},"uagb_comment_info":0,"uagb_excerpt":"Sprawdzi si\u0119 przy ka\u017cdym rodzaju cery, ale przede wszystkim, dla szarej zm\u0119czonej sk\u00f3ry, potrzebuj\u0105cej extra dawki witamin","_links":{"self":[{"href":"https:\/\/sylviastudio.co.uk\/en\/wp-json\/wp\/v2\/product\/2178","targetHints":{"allow":["GET"]}}],"collection":[{"href":"https:\/\/sylviastudio.co.uk\/en\/wp-json\/wp\/v2\/product"}],"about":[{"href":"https:\/\/sylviastudio.co.uk\/en\/wp-json\/wp\/v2\/types\/product"}],"replies":[{"embeddable":true,"href":"https:\/\/sylviastudio.co.uk\/en\/wp-json\/wp\/v2\/comments?post=2178"}],"wp:featuredmedia":[{"embeddable":true,"href":"https:\/\/sylviastudio.co.uk\/en\/wp-json\/wp\/v2\/media\/2179"}],"wp:attachment":[{"href":"https:\/\/sylviastudio.co.uk\/en\/wp-json\/wp\/v2\/media?parent=2178"}],"wp:term":[{"taxonomy":"product_brand","embeddable":true,"href":"https:\/\/sylviastudio.co.uk\/en\/wp-json\/wp\/v2\/product_brand?post=2178"},{"taxonomy":"product_cat","embeddable":true,"href":"https:\/\/sylviastudio.co.uk\/en\/wp-json\/wp\/v2\/product_cat?post=2178"},{"taxonomy":"product_tag","embeddable":true,"href":"https:\/\/sylviastudio.co.uk\/en\/wp-json\/wp\/v2\/product_tag?post=2178"}],"curies":[{"name":"wp","href":"https:\/\/api.w.org\/{rel}","templated":true}]}}