{"id":2180,"date":"2022-05-11T13:29:11","date_gmt":"2022-05-11T12:29:11","guid":{"rendered":"https:\/\/sylviastudio.co.uk\/?post_type=product&#038;p=2180"},"modified":"2022-05-11T13:35:03","modified_gmt":"2022-05-11T12:35:03","slug":"olejek-piekne-spojrzenie","status":"publish","type":"product","link":"https:\/\/sylviastudio.co.uk\/en\/product\/beauty-oil-look\/","title":{"rendered":"BEAUTY OIL"},"content":{"rendered":"<p><strong>BEAUTY OIL<\/strong><\/p>\n<p><strong>DESCRIPTION<\/strong><\/p>\n<p>Who is this product for?<\/p>\n<p>For grey tired under-eye skin with the first signs of ageing and more wrinkles.<\/p>\n<p>Description:<\/p>\n<p>An oil ideal for the first signs of ageing and dark circles under the eyes.\u00a0<strong>Parsley seed oil<\/strong> Improves circulation, has a detoxifying and draining effect. Brightens and evens out skin tone.\u00a0<strong>Linseed oil<\/strong>\u00a0rich in vitamin E, will nourish the skin, all this combined with the\u00a0<strong>vitamin C<\/strong> additionally brightens the skin under the eyes.\u00a0<strong>Carrot oil<\/strong> stimulates fibroblasts to produce collagen and elastin, resulting in a smoothing of facial wrinkles and so-called crow's feet.\u00a0<strong>Poppy seed oil<\/strong>\u00a0makes the skin around the eyes more supple and moisturises it,\u00a0<strong>raspberries<\/strong>\u00a0additionally protect it from UV radiation.<\/p>\n<p>Method of use:<\/p>\n<p>Overnight oil. Shake before use. Apply 3 to 6 drops to clean, damp skin around the eyes, massaging gently until absorbed.<\/p>\n<p><strong>Active ingredients:<\/strong>\u00a0Parsley seed oil**, linseed oil**, carrot oil*, poppy seed oil**, raspberry seed oil**, vitamin C (Lascorbic acid). *herbal macerate based on cold-pressed linseed oil **oil cold-pressed in our oil mill<\/p>\n<p><strong>Storage:<\/strong>\u00a0Once opened, store in the refrigerator<\/p>\n<p><strong>Capacity:<\/strong>\u00a030ml<\/p>\n<p>&nbsp;<\/p>\n<p><strong>BRIGHTENING EYES ELIXIR OIL<\/strong><\/p>\n<p>DESCRIPTION<\/p>\n<p>Uses:<\/p>\n<p>Perfect for dull and tired looking skin around your eyes showing the first signs of aging or deep wrinkles.<\/p>\n<p>Perfect oil for the first signs of aging and circles under your eyes. Parsley seed oil boosts blood circulation and shows detoxifying and cleansing effects. It brightens up uneven skin tones. Linseed oil is abundant in vitamin E. It will nourish your skin while vitamin C will brighten up your skin around the eyes. Carrot oil stimulates your fibroblasts what in turn induces the production of collagen and elastin. The result is smoother mimic wrinkles and crow's feet. Poppy seed oil hydrates the skin around your eyes and makes it supple. Raspberries will additionally protect it from UV radiation.<\/p>\n<p>Directions for use:<\/p>\n<p>Night Oil. Shake gently before use. Apply 3 - 6 drops in the eye area to clean, damp skin and treat yourself to a facial massage to help the oils absorb. Storage: refrigerate after opening. EDIBLE INGREDIENTS: Parsley seed oil cold pressed**, Flaxseed oil cold pressed**, Carrot infused oil*, Poppy seed oil cold pressed**, Raspberry seed oil cold pressed**, Vitamin C (L-ascorbic acid). *macerated oil made with fresh cold pressed linseed oil ** cold-pressed 30ml<\/p>","protected":false},"excerpt":{"rendered":"<p>For grey tired under-eye skin with the first signs of ageing and more wrinkles.<\/p>","protected":false},"featured_media":2181,"comment_status":"open","ping_status":"closed","template":"","meta":{"_uag_custom_page_level_css":"","_joinchat":[]},"product_brand":[],"product_cat":[26],"product_tag":[],"class_list":{"0":"post-2180","1":"product","2":"type-product","3":"status-publish","4":"has-post-thumbnail","6":"product_cat-twarz-face","8":"first","9":"instock","10":"shipping-taxable","11":"purchasable","12":"product-type-simple"},"uagb_featured_image_src":{"full":["https:\/\/sylviastudio.co.uk\/wp-content\/uploads\/2022\/05\/OLEJEK-PIEKNE-SPOJRZENIE.jpg",500,500,false],"thumbnail":["https:\/\/sylviastudio.co.uk\/wp-content\/uploads\/2022\/05\/OLEJEK-PIEKNE-SPOJRZENIE-150x150.jpg",150,150,true],"medium":["https:\/\/sylviastudio.co.uk\/wp-content\/uploads\/2022\/05\/OLEJEK-PIEKNE-SPOJRZENIE-300x300.jpg",300,300,true],"medium_large":["https:\/\/sylviastudio.co.uk\/wp-content\/uploads\/2022\/05\/OLEJEK-PIEKNE-SPOJRZENIE.jpg",500,500,false],"large":["https:\/\/sylviastudio.co.uk\/wp-content\/uploads\/2022\/05\/OLEJEK-PIEKNE-SPOJRZENIE.jpg",500,500,false],"1536x1536":["https:\/\/sylviastudio.co.uk\/wp-content\/uploads\/2022\/05\/OLEJEK-PIEKNE-SPOJRZENIE.jpg",500,500,false],"2048x2048":["https:\/\/sylviastudio.co.uk\/wp-content\/uploads\/2022\/05\/OLEJEK-PIEKNE-SPOJRZENIE.jpg",500,500,false],"trp-custom-language-flag":["https:\/\/sylviastudio.co.uk\/wp-content\/uploads\/2022\/05\/OLEJEK-PIEKNE-SPOJRZENIE.jpg",12,12,false],"woocommerce_thumbnail":["https:\/\/sylviastudio.co.uk\/wp-content\/uploads\/2022\/05\/OLEJEK-PIEKNE-SPOJRZENIE-300x300.jpg",300,300,true],"woocommerce_single":["https:\/\/sylviastudio.co.uk\/wp-content\/uploads\/2022\/05\/OLEJEK-PIEKNE-SPOJRZENIE.jpg",500,500,false],"woocommerce_gallery_thumbnail":["https:\/\/sylviastudio.co.uk\/wp-content\/uploads\/2022\/05\/OLEJEK-PIEKNE-SPOJRZENIE-100x100.jpg",100,100,true]},"uagb_author_info":{"display_name":"sylvia_studio","author_link":"https:\/\/sylviastudio.co.uk\/en\/author\/"},"uagb_comment_info":1,"uagb_excerpt":"Dla szarej zm\u0119czonej sk\u00f3ry pod oczami z pierwszymi oznakami starzenia i wi\u0119kszymi zmarszczkami.","_links":{"self":[{"href":"https:\/\/sylviastudio.co.uk\/en\/wp-json\/wp\/v2\/product\/2180","targetHints":{"allow":["GET"]}}],"collection":[{"href":"https:\/\/sylviastudio.co.uk\/en\/wp-json\/wp\/v2\/product"}],"about":[{"href":"https:\/\/sylviastudio.co.uk\/en\/wp-json\/wp\/v2\/types\/product"}],"replies":[{"embeddable":true,"href":"https:\/\/sylviastudio.co.uk\/en\/wp-json\/wp\/v2\/comments?post=2180"}],"wp:featuredmedia":[{"embeddable":true,"href":"https:\/\/sylviastudio.co.uk\/en\/wp-json\/wp\/v2\/media\/2181"}],"wp:attachment":[{"href":"https:\/\/sylviastudio.co.uk\/en\/wp-json\/wp\/v2\/media?parent=2180"}],"wp:term":[{"taxonomy":"product_brand","embeddable":true,"href":"https:\/\/sylviastudio.co.uk\/en\/wp-json\/wp\/v2\/product_brand?post=2180"},{"taxonomy":"product_cat","embeddable":true,"href":"https:\/\/sylviastudio.co.uk\/en\/wp-json\/wp\/v2\/product_cat?post=2180"},{"taxonomy":"product_tag","embeddable":true,"href":"https:\/\/sylviastudio.co.uk\/en\/wp-json\/wp\/v2\/product_tag?post=2180"}],"curies":[{"name":"wp","href":"https:\/\/api.w.org\/{rel}","templated":true}]}}