{"id":2184,"date":"2022-05-11T13:34:41","date_gmt":"2022-05-11T12:34:41","guid":{"rendered":"https:\/\/sylviastudio.co.uk\/?post_type=product&#038;p=2184"},"modified":"2022-05-11T13:34:41","modified_gmt":"2022-05-11T12:34:41","slug":"tonik-na-przebarwienia-i-poprawe-kolorytu","status":"publish","type":"product","link":"https:\/\/sylviastudio.co.uk\/en\/product\/tonic-for-pigmentation-and-colour-improvement\/","title":{"rendered":"TONIC FOR DISCOLOURATION AND COLOUR IMPROVEMENT"},"content":{"rendered":"<p><strong>TONIC FOR DISCOLOURATION AND COLOUR IMPROVEMENT<\/strong><\/p>\n<p><strong>DESCRIPTION<\/strong><\/p>\n<p>Who is this product for?<\/p>\n<p>For problems with hyperpigmentation, uneven skin tone and lack of hydration.<\/p>\n<p>The tonic is used to tone the skin, i.e. to restore its proper pH. It was created on the basis of ecological apple vinegar, horseradish, beetroot, herbs and yarrow infusion. It brilliantly brightens the skin, has a nourishing and regenerating effect. Restores its beautiful and youthful appearance. It acts as a natural enzymatic scrub keeping the skin smooth and radiant. The tonic is ideal for skin with discolouration, acne scars, depigmentation.\u00a0<strong>BURROWS<\/strong>\u00a0have a very beneficial effect on the skin, oxygenating and detoxifying it.\u00a0<strong>CHRISTIAN<\/strong>\u00a0is an excellent source of natural vitamin C, which participates in the production of collagen in the skin as well as brilliantly lightening it. It has a whitening effect on the skin, removes numerous spots, stimulates local blood circulation and inhibits the growth of bacteria.\u00a0<strong>Vitamin C<\/strong>\u00a0It removes blemishes from the skin very effectively, cleans pores well and softens the epidermis. Horseradish is rich in sulphur, iodine, iron, calcium and magnesium.\u00a0<strong>YARROW<\/strong>\u00a0has a brightening effect on the skin. Carrot has a rejuvenating effect on the skin, increasing the production of collagen and elastin, thus accelerating the regeneration of skin damage. It increases the firmness and hydration of the epidermis. There may be natural pectin fibres in the tonic, this is natural for apple cider vinegar-based products.<\/p>\n<p>Method of use:<\/p>\n<p><strong>Directions for use<\/strong>: After using the green cocktail makeup remover oil, do not dry your skin from excess water \ud83d\ude42 just apply a small amount of toner to a cotton pad and wash your skin morning and evening (shake before use)<\/p>\n<p><strong>Active ingredients<\/strong>: beetroot vinegar, horseradish vinegar, yarrow structured water.<\/p>\n<p><strong>Storage<\/strong>: Once opened, store in the refrigerator<\/p>\n<p><strong>Capacity:<\/strong>\u00a0100ml<\/p>\n<p>&nbsp;<\/p>\n<p><strong>SKIN TONE CORRECTING TONER<\/strong><\/p>\n<p>DESCRIPTION<\/p>\n<p>Uses:<\/p>\n<p>Perfect for dry skin with discolouration issues and uneven skin tone.<\/p>\n<p>Our face toner is a heaven-sent way of recalibrating your skin to its optimal pH level. We used only organic cyder vinegar, horseradish, beetroot, herbs and infused yarrow. It is brilliant at brightening, nourishing and regenerating your skin. It restores its vibrant and youthful look. It works like a natural enzyme peel keeping your skin smooth and radiant. This toner is perfect for discoloured skin that suffers with acne scars and depigmentation.\u00a0<strong>BEETROOT<\/strong>\u00a0has a heavenly effect on skin by oxygenating it and flushing out the toxins.\u00a0<strong>HORSERADISH<\/strong>\u00a0is a reservoir of natural vitamin C which takes part in collagen production. It has a glowing and whitening effect on your skin by removing patches of discolouration, stimulating blood circulation and inhibiting bacterial growth.\u00a0<strong>VITAMIN C<\/strong>\u00a0Effectively unclogs pores and softens the epidermis. Horseradish is abundant in sulphur, iodine, iron, calcium and magnesium.\u00a0<strong>YARROW<\/strong>\u00a0brightens and\u00a0<strong>CARROT<\/strong>\u00a0rejuvenates your skin. It boosts the production of collagen and elastin what in turn accelerates the regeneration process of damaged skin. It increases suppleness and hydration of the epidermis. May include natural pectin fibres which are normal in cyder vinegar-based products.<\/p>\n<p>Directions for use:<\/p>\n<p><strong>DIRECTIONS FOR USE<\/strong>\u00a0: After your cleansing routine with the green cocktail make-up oil remover, leave excess water on the skin, and put a small amount of the toner onto a cotton pad. Use morning and evening (shake before use).<br \/>\n<strong>ONLY EDIBLE INGREDIENTS<\/strong>: Beetroot vinegar, horseradish vinegar, carrot vinegar, structured water made with yarrow.<br \/>\n<strong>Storage<\/strong>: refrigerate after opening.<br \/>\n100ml<\/p>\n<p>&nbsp;<\/p>","protected":false},"excerpt":{"rendered":"<p>For problems with hyperpigmentation, uneven skin tone and lack of hydration.<\/p>","protected":false},"featured_media":2185,"comment_status":"open","ping_status":"closed","template":"","meta":{"_uag_custom_page_level_css":"","_joinchat":[]},"product_brand":[],"product_cat":[26],"product_tag":[],"class_list":{"0":"post-2184","1":"product","2":"type-product","3":"status-publish","4":"has-post-thumbnail","6":"product_cat-twarz-face","8":"first","9":"instock","10":"shipping-taxable","11":"purchasable","12":"product-type-simple"},"uagb_featured_image_src":{"full":["https:\/\/sylviastudio.co.uk\/wp-content\/uploads\/2022\/05\/TONIK-NA-PRZEBARWIENIA-I-POPRAWE-KOLORYTU.jpg",500,500,false],"thumbnail":["https:\/\/sylviastudio.co.uk\/wp-content\/uploads\/2022\/05\/TONIK-NA-PRZEBARWIENIA-I-POPRAWE-KOLORYTU-150x150.jpg",150,150,true],"medium":["https:\/\/sylviastudio.co.uk\/wp-content\/uploads\/2022\/05\/TONIK-NA-PRZEBARWIENIA-I-POPRAWE-KOLORYTU-300x300.jpg",300,300,true],"medium_large":["https:\/\/sylviastudio.co.uk\/wp-content\/uploads\/2022\/05\/TONIK-NA-PRZEBARWIENIA-I-POPRAWE-KOLORYTU.jpg",500,500,false],"large":["https:\/\/sylviastudio.co.uk\/wp-content\/uploads\/2022\/05\/TONIK-NA-PRZEBARWIENIA-I-POPRAWE-KOLORYTU.jpg",500,500,false],"1536x1536":["https:\/\/sylviastudio.co.uk\/wp-content\/uploads\/2022\/05\/TONIK-NA-PRZEBARWIENIA-I-POPRAWE-KOLORYTU.jpg",500,500,false],"2048x2048":["https:\/\/sylviastudio.co.uk\/wp-content\/uploads\/2022\/05\/TONIK-NA-PRZEBARWIENIA-I-POPRAWE-KOLORYTU.jpg",500,500,false],"trp-custom-language-flag":["https:\/\/sylviastudio.co.uk\/wp-content\/uploads\/2022\/05\/TONIK-NA-PRZEBARWIENIA-I-POPRAWE-KOLORYTU.jpg",12,12,false],"woocommerce_thumbnail":["https:\/\/sylviastudio.co.uk\/wp-content\/uploads\/2022\/05\/TONIK-NA-PRZEBARWIENIA-I-POPRAWE-KOLORYTU-300x300.jpg",300,300,true],"woocommerce_single":["https:\/\/sylviastudio.co.uk\/wp-content\/uploads\/2022\/05\/TONIK-NA-PRZEBARWIENIA-I-POPRAWE-KOLORYTU.jpg",500,500,false],"woocommerce_gallery_thumbnail":["https:\/\/sylviastudio.co.uk\/wp-content\/uploads\/2022\/05\/TONIK-NA-PRZEBARWIENIA-I-POPRAWE-KOLORYTU-100x100.jpg",100,100,true]},"uagb_author_info":{"display_name":"sylvia_studio","author_link":"https:\/\/sylviastudio.co.uk\/en\/author\/"},"uagb_comment_info":0,"uagb_excerpt":"Na problemy z przebarwieniami, nier\u00f3wnym kolorytem sk\u00f3ry i brakiem nawil\u017cenia.","_links":{"self":[{"href":"https:\/\/sylviastudio.co.uk\/en\/wp-json\/wp\/v2\/product\/2184","targetHints":{"allow":["GET"]}}],"collection":[{"href":"https:\/\/sylviastudio.co.uk\/en\/wp-json\/wp\/v2\/product"}],"about":[{"href":"https:\/\/sylviastudio.co.uk\/en\/wp-json\/wp\/v2\/types\/product"}],"replies":[{"embeddable":true,"href":"https:\/\/sylviastudio.co.uk\/en\/wp-json\/wp\/v2\/comments?post=2184"}],"wp:featuredmedia":[{"embeddable":true,"href":"https:\/\/sylviastudio.co.uk\/en\/wp-json\/wp\/v2\/media\/2185"}],"wp:attachment":[{"href":"https:\/\/sylviastudio.co.uk\/en\/wp-json\/wp\/v2\/media?parent=2184"}],"wp:term":[{"taxonomy":"product_brand","embeddable":true,"href":"https:\/\/sylviastudio.co.uk\/en\/wp-json\/wp\/v2\/product_brand?post=2184"},{"taxonomy":"product_cat","embeddable":true,"href":"https:\/\/sylviastudio.co.uk\/en\/wp-json\/wp\/v2\/product_cat?post=2184"},{"taxonomy":"product_tag","embeddable":true,"href":"https:\/\/sylviastudio.co.uk\/en\/wp-json\/wp\/v2\/product_tag?post=2184"}],"curies":[{"name":"wp","href":"https:\/\/api.w.org\/{rel}","templated":true}]}}