{"id":2205,"date":"2022-05-11T15:04:40","date_gmt":"2022-05-11T14:04:40","guid":{"rendered":"https:\/\/sylviastudio.co.uk\/?post_type=product&#038;p=2205"},"modified":"2022-05-11T15:04:40","modified_gmt":"2022-05-11T14:04:40","slug":"czarnuszka-z-pokrzywa-olej-do-picia","status":"publish","type":"product","link":"https:\/\/sylviastudio.co.uk\/en\/product\/czarnuszka-z-pokrzywa-olej-do-picia\/","title":{"rendered":"NIGELLA AND NETTLE OIL FOR DRINKING"},"content":{"rendered":"<p><strong>NIGELLA AND NETTLE OIL FOR DRINKING<\/strong><\/p>\n<p>DESCRIPTION<br \/>\nOlej z czarnuszki i pokrzywy<\/p>\n<p>Who is this product for?<br \/>\nIdealny dla wielbicieli zdrowego trybu \u017cycia i kreatywnych smakoszy olej\u00f3w, ale przede wszystkim na problemy z wypadaj\u0105cymi i cienkimi w\u0142osami.<br \/>\nSprawdzi si\u0119 r\u00f3wnie\u017c przy sk\u00f3rze tr\u0105dzikowej.<\/p>\n<p>Description<br \/>\nI invite you into my world of organic oils!<br \/>\nBy entering here you are joining an exciting journey that you will explore through tasting delicious and healthy oils from the Podlasie region.<br \/>\nDelikatnie zimno t\u0142oczony olej jest gwarancja jako\u015bci i smaku.<br \/>\nW\u0142\u0105czaj\u0105c do diety olej z czarnuszki i pokrzywy sprawisz, \u017ce Twoje w\u0142osy si\u0119 wzmocni\u0105 i przestan\u0105 wypada\u0107.<br \/>\nDodatkowo powinien by\u0107 w ka\u017cdej domowej apteczce, je\u015bli miewasz problemy z alergi\u0105! Ma bowiem niesamowite zdolno\u015bci do hamowania wzrostu 37 drobnoustroj\u00f3w w tym grzyb\u00f3w dro\u017cd\u017coidalnych, jest r\u00f3wnie\u017c fantastyczny przeciwko dermatofitom.<br \/>\nPoprzez oczyszczenie z\u0142ej flory bakteryjnej jelit wp\u0142ywa na popraw\u0119 wygl\u0105du sk\u00f3ry, ma dzia\u0142anie przeciwzapalne i antyoksydacyjne.<br \/>\nPomocy przy walce z paso\u017cytami w naszych jelitach.<br \/>\nCzyste z\u0142oto faraon\u00f3w z du\u017c\u0105 dawk\u0105 witamin z grupy B.<br \/>\nMethod of use:<br \/>\nDawka lecznicza dla olej\u00f3w to 1 \u0142y\u017cka dziennie, najlepiej na czczo.<br \/>\nOd zewn\u0105trz zalecam stosowa\u0107 w formie wcierki na sk\u00f3r\u0119 g\u0142owy przed planowanym myciem w\u0142os\u00f3w, mo\u017cna zostawi\u0107 na ca\u0142\u0105 noc. ( Wstrz\u0105\u015bnij przed u\u017cyciem)<br \/>\nSk\u0142adniki aktywne: t\u0142oczony na zimno olej z nasion czarnuszki (50%), olej pokrzywowy (50%)*. * Macerat na bazie t\u0142oczonego na zimno oleju s\u0142onecznikowego.<br \/>\nPrzechowywanie: po otwarciu przechowywa\u0107 w lod\u00f3wce.<br \/>\nPojemno\u015b\u0107: 100ml<\/p>","protected":false},"excerpt":{"rendered":"<p>Idealny dla wielbicieli zdrowego trybu \u017cycia i kreatywnych smakoszy olej\u00f3w, ale przede wszystkim na problemy z wypadaj\u0105cymi i cienkimi w\u0142osami.<br \/>\nSprawdzi si\u0119 r\u00f3wnie\u017c przy sk\u00f3rze tr\u0105dzikowej.<\/p>","protected":false},"featured_media":2206,"comment_status":"open","ping_status":"closed","template":"","meta":{"_uag_custom_page_level_css":"","_joinchat":[]},"product_brand":[],"product_cat":[28],"product_tag":[],"class_list":{"0":"post-2205","1":"product","2":"type-product","3":"status-publish","4":"has-post-thumbnail","6":"product_cat-oleje-do-picia","8":"first","9":"instock","10":"shipping-taxable","11":"purchasable","12":"product-type-simple"},"uagb_featured_image_src":{"full":["https:\/\/sylviastudio.co.uk\/wp-content\/uploads\/2022\/05\/CZARNUSZKA-Z-POKRZYWA-OLEJ-DO-PICIA.jpg",1536,2048,false],"thumbnail":["https:\/\/sylviastudio.co.uk\/wp-content\/uploads\/2022\/05\/CZARNUSZKA-Z-POKRZYWA-OLEJ-DO-PICIA-150x150.jpg",150,150,true],"medium":["https:\/\/sylviastudio.co.uk\/wp-content\/uploads\/2022\/05\/CZARNUSZKA-Z-POKRZYWA-OLEJ-DO-PICIA-225x300.jpg",225,300,true],"medium_large":["https:\/\/sylviastudio.co.uk\/wp-content\/uploads\/2022\/05\/CZARNUSZKA-Z-POKRZYWA-OLEJ-DO-PICIA-768x1024.jpg",768,1024,true],"large":["https:\/\/sylviastudio.co.uk\/wp-content\/uploads\/2022\/05\/CZARNUSZKA-Z-POKRZYWA-OLEJ-DO-PICIA-768x1024.jpg",768,1024,true],"1536x1536":["https:\/\/sylviastudio.co.uk\/wp-content\/uploads\/2022\/05\/CZARNUSZKA-Z-POKRZYWA-OLEJ-DO-PICIA-1152x1536.jpg",1152,1536,true],"2048x2048":["https:\/\/sylviastudio.co.uk\/wp-content\/uploads\/2022\/05\/CZARNUSZKA-Z-POKRZYWA-OLEJ-DO-PICIA.jpg",1536,2048,false],"trp-custom-language-flag":["https:\/\/sylviastudio.co.uk\/wp-content\/uploads\/2022\/05\/CZARNUSZKA-Z-POKRZYWA-OLEJ-DO-PICIA.jpg",9,12,false],"woocommerce_thumbnail":["https:\/\/sylviastudio.co.uk\/wp-content\/uploads\/2022\/05\/CZARNUSZKA-Z-POKRZYWA-OLEJ-DO-PICIA-300x300.jpg",300,300,true],"woocommerce_single":["https:\/\/sylviastudio.co.uk\/wp-content\/uploads\/2022\/05\/CZARNUSZKA-Z-POKRZYWA-OLEJ-DO-PICIA-600x800.jpg",600,800,true],"woocommerce_gallery_thumbnail":["https:\/\/sylviastudio.co.uk\/wp-content\/uploads\/2022\/05\/CZARNUSZKA-Z-POKRZYWA-OLEJ-DO-PICIA-100x100.jpg",100,100,true]},"uagb_author_info":{"display_name":"sylvia_studio","author_link":"https:\/\/sylviastudio.co.uk\/en\/author\/"},"uagb_comment_info":0,"uagb_excerpt":"Idealny dla wielbicieli zdrowego trybu \u017cycia i kreatywnych smakoszy olej\u00f3w, ale przede wszystkim na problemy z wypadaj\u0105cymi i cienkimi w\u0142osami. Sprawdzi si\u0119 r\u00f3wnie\u017c przy sk\u00f3rze tr\u0105dzikowej.","_links":{"self":[{"href":"https:\/\/sylviastudio.co.uk\/en\/wp-json\/wp\/v2\/product\/2205","targetHints":{"allow":["GET"]}}],"collection":[{"href":"https:\/\/sylviastudio.co.uk\/en\/wp-json\/wp\/v2\/product"}],"about":[{"href":"https:\/\/sylviastudio.co.uk\/en\/wp-json\/wp\/v2\/types\/product"}],"replies":[{"embeddable":true,"href":"https:\/\/sylviastudio.co.uk\/en\/wp-json\/wp\/v2\/comments?post=2205"}],"wp:featuredmedia":[{"embeddable":true,"href":"https:\/\/sylviastudio.co.uk\/en\/wp-json\/wp\/v2\/media\/2206"}],"wp:attachment":[{"href":"https:\/\/sylviastudio.co.uk\/en\/wp-json\/wp\/v2\/media?parent=2205"}],"wp:term":[{"taxonomy":"product_brand","embeddable":true,"href":"https:\/\/sylviastudio.co.uk\/en\/wp-json\/wp\/v2\/product_brand?post=2205"},{"taxonomy":"product_cat","embeddable":true,"href":"https:\/\/sylviastudio.co.uk\/en\/wp-json\/wp\/v2\/product_cat?post=2205"},{"taxonomy":"product_tag","embeddable":true,"href":"https:\/\/sylviastudio.co.uk\/en\/wp-json\/wp\/v2\/product_tag?post=2205"}],"curies":[{"name":"wp","href":"https:\/\/api.w.org\/{rel}","templated":true}]}}