{"id":2209,"date":"2022-05-11T15:07:59","date_gmt":"2022-05-11T14:07:59","guid":{"rendered":"https:\/\/sylviastudio.co.uk\/?post_type=product&#038;p=2209"},"modified":"2022-05-11T15:07:59","modified_gmt":"2022-05-11T14:07:59","slug":"herbatka-ziolowa-sylvvage-nie-mow-do-mnie-teraz-tylko-spokoj-moze-nas-uratowac","status":"publish","type":"product","link":"https:\/\/sylviastudio.co.uk\/en\/product\/herbatka-ziolowa-sylvvage-nie-mow-do-mnie-teraz-tylko-spokoj-moze-nas-uratowac\/","title":{"rendered":"SYLVVAGE HERBAL TEA \u201cDON'T TALK TO ME NOW, ONLY PEACE CAN SAVE US\u201d"},"content":{"rendered":"<p><strong>SYLVVAGE HERBAL TEA \u201cDON'T TALK TO ME NOW, ONLY PEACE CAN SAVE US\u201d<\/strong><\/p>\n<p>DESCRIPTION<\/p>\n<p>Herbatka zio\u0142owa RELAKSUJ\u0104CA Sylvvage \u201cNIE M\u00d3W DO MNIE TERAZ, tylko spok\u00f3j mo\u017ce nas uratowa\u0107\u201d<\/p>\n<p>Sk\u0142adniki: kwiat lawendy, kwiat rumianku pospolitego, p\u0142atki r\u00f3\u017cy, li\u015b\u0107 melisy.<\/p>","protected":false},"excerpt":{"rendered":"<p>Sylvvage Relaxing Herbal Tea<\/p>","protected":false},"featured_media":2210,"comment_status":"open","ping_status":"closed","template":"","meta":{"_uag_custom_page_level_css":"","_joinchat":[]},"product_brand":[],"product_cat":[29],"product_tag":[],"class_list":{"0":"post-2209","1":"product","2":"type-product","3":"status-publish","4":"has-post-thumbnail","6":"product_cat-zielarnia-sylvvage","8":"first","9":"instock","10":"shipping-taxable","11":"purchasable","12":"product-type-simple"},"uagb_featured_image_src":{"full":["https:\/\/sylviastudio.co.uk\/wp-content\/uploads\/2022\/05\/HERBATKA-ZIOLOWA-SYLVVAGE-NIE-MOW-DO-MNIE-TERAZ-TYLKO-SPOKOJ-MOZE-NAS-URATOWAC.jpg",2048,2048,false],"thumbnail":["https:\/\/sylviastudio.co.uk\/wp-content\/uploads\/2022\/05\/HERBATKA-ZIOLOWA-SYLVVAGE-NIE-MOW-DO-MNIE-TERAZ-TYLKO-SPOKOJ-MOZE-NAS-URATOWAC-150x150.jpg",150,150,true],"medium":["https:\/\/sylviastudio.co.uk\/wp-content\/uploads\/2022\/05\/HERBATKA-ZIOLOWA-SYLVVAGE-NIE-MOW-DO-MNIE-TERAZ-TYLKO-SPOKOJ-MOZE-NAS-URATOWAC-300x300.jpg",300,300,true],"medium_large":["https:\/\/sylviastudio.co.uk\/wp-content\/uploads\/2022\/05\/HERBATKA-ZIOLOWA-SYLVVAGE-NIE-MOW-DO-MNIE-TERAZ-TYLKO-SPOKOJ-MOZE-NAS-URATOWAC-768x768.jpg",768,768,true],"large":["https:\/\/sylviastudio.co.uk\/wp-content\/uploads\/2022\/05\/HERBATKA-ZIOLOWA-SYLVVAGE-NIE-MOW-DO-MNIE-TERAZ-TYLKO-SPOKOJ-MOZE-NAS-URATOWAC-1024x1024.jpg",1024,1024,true],"1536x1536":["https:\/\/sylviastudio.co.uk\/wp-content\/uploads\/2022\/05\/HERBATKA-ZIOLOWA-SYLVVAGE-NIE-MOW-DO-MNIE-TERAZ-TYLKO-SPOKOJ-MOZE-NAS-URATOWAC-1536x1536.jpg",1536,1536,true],"2048x2048":["https:\/\/sylviastudio.co.uk\/wp-content\/uploads\/2022\/05\/HERBATKA-ZIOLOWA-SYLVVAGE-NIE-MOW-DO-MNIE-TERAZ-TYLKO-SPOKOJ-MOZE-NAS-URATOWAC.jpg",2048,2048,false],"trp-custom-language-flag":["https:\/\/sylviastudio.co.uk\/wp-content\/uploads\/2022\/05\/HERBATKA-ZIOLOWA-SYLVVAGE-NIE-MOW-DO-MNIE-TERAZ-TYLKO-SPOKOJ-MOZE-NAS-URATOWAC.jpg",12,12,false],"woocommerce_thumbnail":["https:\/\/sylviastudio.co.uk\/wp-content\/uploads\/2022\/05\/HERBATKA-ZIOLOWA-SYLVVAGE-NIE-MOW-DO-MNIE-TERAZ-TYLKO-SPOKOJ-MOZE-NAS-URATOWAC-300x300.jpg",300,300,true],"woocommerce_single":["https:\/\/sylviastudio.co.uk\/wp-content\/uploads\/2022\/05\/HERBATKA-ZIOLOWA-SYLVVAGE-NIE-MOW-DO-MNIE-TERAZ-TYLKO-SPOKOJ-MOZE-NAS-URATOWAC-600x600.jpg",600,600,true],"woocommerce_gallery_thumbnail":["https:\/\/sylviastudio.co.uk\/wp-content\/uploads\/2022\/05\/HERBATKA-ZIOLOWA-SYLVVAGE-NIE-MOW-DO-MNIE-TERAZ-TYLKO-SPOKOJ-MOZE-NAS-URATOWAC-100x100.jpg",100,100,true]},"uagb_author_info":{"display_name":"sylvia_studio","author_link":"https:\/\/sylviastudio.co.uk\/en\/author\/"},"uagb_comment_info":0,"uagb_excerpt":"Herbatka zio\u0142owa RELAKSUJ\u0104CA Sylvvage","_links":{"self":[{"href":"https:\/\/sylviastudio.co.uk\/en\/wp-json\/wp\/v2\/product\/2209","targetHints":{"allow":["GET"]}}],"collection":[{"href":"https:\/\/sylviastudio.co.uk\/en\/wp-json\/wp\/v2\/product"}],"about":[{"href":"https:\/\/sylviastudio.co.uk\/en\/wp-json\/wp\/v2\/types\/product"}],"replies":[{"embeddable":true,"href":"https:\/\/sylviastudio.co.uk\/en\/wp-json\/wp\/v2\/comments?post=2209"}],"wp:featuredmedia":[{"embeddable":true,"href":"https:\/\/sylviastudio.co.uk\/en\/wp-json\/wp\/v2\/media\/2210"}],"wp:attachment":[{"href":"https:\/\/sylviastudio.co.uk\/en\/wp-json\/wp\/v2\/media?parent=2209"}],"wp:term":[{"taxonomy":"product_brand","embeddable":true,"href":"https:\/\/sylviastudio.co.uk\/en\/wp-json\/wp\/v2\/product_brand?post=2209"},{"taxonomy":"product_cat","embeddable":true,"href":"https:\/\/sylviastudio.co.uk\/en\/wp-json\/wp\/v2\/product_cat?post=2209"},{"taxonomy":"product_tag","embeddable":true,"href":"https:\/\/sylviastudio.co.uk\/en\/wp-json\/wp\/v2\/product_tag?post=2209"}],"curies":[{"name":"wp","href":"https:\/\/api.w.org\/{rel}","templated":true}]}}