{"id":2213,"date":"2022-05-11T15:10:40","date_gmt":"2022-05-11T14:10:40","guid":{"rendered":"https:\/\/sylviastudio.co.uk\/?post_type=product&#038;p=2213"},"modified":"2022-05-11T15:10:40","modified_gmt":"2022-05-11T14:10:40","slug":"herbatka-ziolowa-sylvvage-piekna-slowianka-ze-hej-i-ojej","status":"publish","type":"product","link":"https:\/\/sylviastudio.co.uk\/en\/product\/herb-tea-sylvvage-piekna-slowianka-ze-hej-i-ojej\/","title":{"rendered":"SYLVVAGE HERBAL TEA \u201cBEAUTIFUL SLAVIC THAT HEY AND OH MY\u201d"},"content":{"rendered":"<p><strong>SYLVVAGE HERBAL TEA \u201cBEAUTIFUL SLAVIC THAT HEY AND OH MY\u201d<\/strong><\/p>\n<p>DESCRIPTION<\/p>\n<p>Sylvvage herbal tea FOR BEAUTY \u201cBEAUTIFUL HEALTHY AND OYE\u201d.\u201d<\/p>\n<p>Ingredients: herb of the hellebore, rhizome of couch grass, herb of the honeysuckle, herb of the nettle, herb of the oat, flower of the red clover, herb of the yarrow, herb of the traveler's chicory.<\/p>\n<p>I created this tea for beautiful Slavic women. It contains plenty of rejuvenating silicon and red clover to improve skin elasticity.<\/p>\n<p>Chicory traveler, my beloved herb plant is full of vitamins to make your beauty beautiful for a long time. Let's enjoy our extraordinary Slavic beauty and take care of it naturally !<\/p>\n<p>&nbsp;<\/p>","protected":false},"excerpt":{"rendered":"<p>I created this tea for beautiful Slavic women. It contains plenty of rejuvenating silicon and red clover to improve skin elasticity.<\/p>","protected":false},"featured_media":2214,"comment_status":"open","ping_status":"closed","template":"","meta":{"_uag_custom_page_level_css":"","_joinchat":[]},"product_brand":[],"product_cat":[29],"product_tag":[],"class_list":{"0":"post-2213","1":"product","2":"type-product","3":"status-publish","4":"has-post-thumbnail","6":"product_cat-zielarnia-sylvvage","8":"first","9":"instock","10":"shipping-taxable","11":"purchasable","12":"product-type-simple"},"uagb_featured_image_src":{"full":["https:\/\/sylviastudio.co.uk\/wp-content\/uploads\/2022\/05\/HERBATKA-ZIOLOWA-SYLVVAGE-PIEKNA-SLOWIANKA-ZE-HEJ-I-OJEJ.jpg",2048,2048,false],"thumbnail":["https:\/\/sylviastudio.co.uk\/wp-content\/uploads\/2022\/05\/HERBATKA-ZIOLOWA-SYLVVAGE-PIEKNA-SLOWIANKA-ZE-HEJ-I-OJEJ-150x150.jpg",150,150,true],"medium":["https:\/\/sylviastudio.co.uk\/wp-content\/uploads\/2022\/05\/HERBATKA-ZIOLOWA-SYLVVAGE-PIEKNA-SLOWIANKA-ZE-HEJ-I-OJEJ-300x300.jpg",300,300,true],"medium_large":["https:\/\/sylviastudio.co.uk\/wp-content\/uploads\/2022\/05\/HERBATKA-ZIOLOWA-SYLVVAGE-PIEKNA-SLOWIANKA-ZE-HEJ-I-OJEJ-768x768.jpg",768,768,true],"large":["https:\/\/sylviastudio.co.uk\/wp-content\/uploads\/2022\/05\/HERBATKA-ZIOLOWA-SYLVVAGE-PIEKNA-SLOWIANKA-ZE-HEJ-I-OJEJ-1024x1024.jpg",1024,1024,true],"1536x1536":["https:\/\/sylviastudio.co.uk\/wp-content\/uploads\/2022\/05\/HERBATKA-ZIOLOWA-SYLVVAGE-PIEKNA-SLOWIANKA-ZE-HEJ-I-OJEJ-1536x1536.jpg",1536,1536,true],"2048x2048":["https:\/\/sylviastudio.co.uk\/wp-content\/uploads\/2022\/05\/HERBATKA-ZIOLOWA-SYLVVAGE-PIEKNA-SLOWIANKA-ZE-HEJ-I-OJEJ.jpg",2048,2048,false],"trp-custom-language-flag":["https:\/\/sylviastudio.co.uk\/wp-content\/uploads\/2022\/05\/HERBATKA-ZIOLOWA-SYLVVAGE-PIEKNA-SLOWIANKA-ZE-HEJ-I-OJEJ.jpg",12,12,false],"woocommerce_thumbnail":["https:\/\/sylviastudio.co.uk\/wp-content\/uploads\/2022\/05\/HERBATKA-ZIOLOWA-SYLVVAGE-PIEKNA-SLOWIANKA-ZE-HEJ-I-OJEJ-300x300.jpg",300,300,true],"woocommerce_single":["https:\/\/sylviastudio.co.uk\/wp-content\/uploads\/2022\/05\/HERBATKA-ZIOLOWA-SYLVVAGE-PIEKNA-SLOWIANKA-ZE-HEJ-I-OJEJ-600x600.jpg",600,600,true],"woocommerce_gallery_thumbnail":["https:\/\/sylviastudio.co.uk\/wp-content\/uploads\/2022\/05\/HERBATKA-ZIOLOWA-SYLVVAGE-PIEKNA-SLOWIANKA-ZE-HEJ-I-OJEJ-100x100.jpg",100,100,true]},"uagb_author_info":{"display_name":"sylvia_studio","author_link":"https:\/\/sylviastudio.co.uk\/en\/author\/"},"uagb_comment_info":0,"uagb_excerpt":"Herbatk\u0119 t\u0119 stworzy\u0142am dla pi\u0119knych s\u0142owianek. Zawiera mn\u00f3stwo odm\u0142adzaj\u0105cego krzemu oraz czerwon\u0105 koniczyn\u0105, kt\u00f3ra poprawia elastyczno\u015b\u0107 sk\u00f3ry.","_links":{"self":[{"href":"https:\/\/sylviastudio.co.uk\/en\/wp-json\/wp\/v2\/product\/2213","targetHints":{"allow":["GET"]}}],"collection":[{"href":"https:\/\/sylviastudio.co.uk\/en\/wp-json\/wp\/v2\/product"}],"about":[{"href":"https:\/\/sylviastudio.co.uk\/en\/wp-json\/wp\/v2\/types\/product"}],"replies":[{"embeddable":true,"href":"https:\/\/sylviastudio.co.uk\/en\/wp-json\/wp\/v2\/comments?post=2213"}],"wp:featuredmedia":[{"embeddable":true,"href":"https:\/\/sylviastudio.co.uk\/en\/wp-json\/wp\/v2\/media\/2214"}],"wp:attachment":[{"href":"https:\/\/sylviastudio.co.uk\/en\/wp-json\/wp\/v2\/media?parent=2213"}],"wp:term":[{"taxonomy":"product_brand","embeddable":true,"href":"https:\/\/sylviastudio.co.uk\/en\/wp-json\/wp\/v2\/product_brand?post=2213"},{"taxonomy":"product_cat","embeddable":true,"href":"https:\/\/sylviastudio.co.uk\/en\/wp-json\/wp\/v2\/product_cat?post=2213"},{"taxonomy":"product_tag","embeddable":true,"href":"https:\/\/sylviastudio.co.uk\/en\/wp-json\/wp\/v2\/product_tag?post=2213"}],"curies":[{"name":"wp","href":"https:\/\/api.w.org\/{rel}","templated":true}]}}