{"id":2245,"date":"2022-06-07T21:43:29","date_gmt":"2022-06-07T20:43:29","guid":{"rendered":"https:\/\/sylviastudio.co.uk\/?post_type=product&#038;p=2245"},"modified":"2022-06-14T12:45:16","modified_gmt":"2022-06-14T11:45:16","slug":"zaliczka-zabiegi-mezoterapia-kopia","status":"publish","type":"product","link":"https:\/\/sylviastudio.co.uk\/en\/product\/advance-treatment-mesotherapy-copy\/","title":{"rendered":"Advance treatment \u00a390"},"content":{"rendered":"<p>Advance payment and book a place for your chosen treatment in our salon.<\/p>\n<p>In the comments, please indicate for which treatment the advance payment was made.<\/p>\n<p>&nbsp;<\/p>","protected":false},"excerpt":{"rendered":"<p>Zaliczka i rezerwacja miejsca na wybrany zabieg w naszym salonie. W uwagach prosimy o informacj\u0119 na jaki zabieg zosta\u0142a wp\u0142acona zaliczka. &nbsp;<\/p>","protected":false},"featured_media":2236,"comment_status":"open","ping_status":"closed","template":"","meta":{"_uag_custom_page_level_css":"","_joinchat":[]},"product_brand":[],"product_cat":[25,38],"product_tag":[],"class_list":{"0":"post-2245","1":"product","2":"type-product","3":"status-publish","4":"has-post-thumbnail","6":"product_cat-bez-kategorii","7":"product_cat-zaliczki-zabiegi-w-salonie","9":"first","10":"instock","11":"virtual","12":"purchasable","13":"product-type-simple"},"uagb_featured_image_src":{"full":["https:\/\/sylviastudio.co.uk\/wp-content\/uploads\/2022\/05\/Projekt-bez-tytulu.jpg",540,540,false],"thumbnail":["https:\/\/sylviastudio.co.uk\/wp-content\/uploads\/2022\/05\/Projekt-bez-tytulu-150x150.jpg",150,150,true],"medium":["https:\/\/sylviastudio.co.uk\/wp-content\/uploads\/2022\/05\/Projekt-bez-tytulu-300x300.jpg",300,300,true],"medium_large":["https:\/\/sylviastudio.co.uk\/wp-content\/uploads\/2022\/05\/Projekt-bez-tytulu.jpg",540,540,false],"large":["https:\/\/sylviastudio.co.uk\/wp-content\/uploads\/2022\/05\/Projekt-bez-tytulu.jpg",540,540,false],"1536x1536":["https:\/\/sylviastudio.co.uk\/wp-content\/uploads\/2022\/05\/Projekt-bez-tytulu.jpg",540,540,false],"2048x2048":["https:\/\/sylviastudio.co.uk\/wp-content\/uploads\/2022\/05\/Projekt-bez-tytulu.jpg",540,540,false],"trp-custom-language-flag":["https:\/\/sylviastudio.co.uk\/wp-content\/uploads\/2022\/05\/Projekt-bez-tytulu.jpg",12,12,false],"woocommerce_thumbnail":["https:\/\/sylviastudio.co.uk\/wp-content\/uploads\/2022\/05\/Projekt-bez-tytulu-300x300.jpg",300,300,true],"woocommerce_single":["https:\/\/sylviastudio.co.uk\/wp-content\/uploads\/2022\/05\/Projekt-bez-tytulu.jpg",540,540,false],"woocommerce_gallery_thumbnail":["https:\/\/sylviastudio.co.uk\/wp-content\/uploads\/2022\/05\/Projekt-bez-tytulu-100x100.jpg",100,100,true]},"uagb_author_info":{"display_name":"sylvia_studio","author_link":"https:\/\/sylviastudio.co.uk\/en\/author\/"},"uagb_comment_info":0,"uagb_excerpt":"Zaliczka i rezerwacja miejsca na wybrany zabieg w naszym salonie. W uwagach prosimy o informacj\u0119 na jaki zabieg zosta\u0142a wp\u0142acona zaliczka. &nbsp;","_links":{"self":[{"href":"https:\/\/sylviastudio.co.uk\/en\/wp-json\/wp\/v2\/product\/2245","targetHints":{"allow":["GET"]}}],"collection":[{"href":"https:\/\/sylviastudio.co.uk\/en\/wp-json\/wp\/v2\/product"}],"about":[{"href":"https:\/\/sylviastudio.co.uk\/en\/wp-json\/wp\/v2\/types\/product"}],"replies":[{"embeddable":true,"href":"https:\/\/sylviastudio.co.uk\/en\/wp-json\/wp\/v2\/comments?post=2245"}],"wp:featuredmedia":[{"embeddable":true,"href":"https:\/\/sylviastudio.co.uk\/en\/wp-json\/wp\/v2\/media\/2236"}],"wp:attachment":[{"href":"https:\/\/sylviastudio.co.uk\/en\/wp-json\/wp\/v2\/media?parent=2245"}],"wp:term":[{"taxonomy":"product_brand","embeddable":true,"href":"https:\/\/sylviastudio.co.uk\/en\/wp-json\/wp\/v2\/product_brand?post=2245"},{"taxonomy":"product_cat","embeddable":true,"href":"https:\/\/sylviastudio.co.uk\/en\/wp-json\/wp\/v2\/product_cat?post=2245"},{"taxonomy":"product_tag","embeddable":true,"href":"https:\/\/sylviastudio.co.uk\/en\/wp-json\/wp\/v2\/product_tag?post=2245"}],"curies":[{"name":"wp","href":"https:\/\/api.w.org\/{rel}","templated":true}]}}